{"id":94,"date":"2020-07-01T14:15:15","date_gmt":"2020-07-01T12:15:15","guid":{"rendered":"https:\/\/deg-eiskunstlauf-ev.de\/cms\/?page_id=94"},"modified":"2022-06-21T10:26:54","modified_gmt":"2022-06-21T08:26:54","slug":"verein","status":"publish","type":"page","link":"https:\/\/deg-eiskunstlauf-ev.de\/cms\/verein\/","title":{"rendered":"VEREIN"},"content":{"rendered":"<p>[et_pb_section fb_built=&#8220;1&#8243; _builder_version=&#8220;4.16&#8243; global_colors_info=&#8220;{}&#8220;][et_pb_row _builder_version=&#8220;4.16&#8243; background_enable_image=&#8220;off&#8220; background_size=&#8220;contain&#8220; background_position=&#8220;bottom_right&#8220; width_tablet=&#8220;&#8220; width_phone=&#8220;&#8220; width_last_edited=&#8220;on|phone&#8220; custom_margin_tablet=&#8220;&#8220; custom_margin_phone=&#8220;|20px||20px|false|false&#8220; custom_margin_last_edited=&#8220;on|phone&#8220; global_colors_info=&#8220;{}&#8220;][et_pb_column type=&#8220;4_4&#8243; _builder_version=&#8220;4.16&#8243; global_colors_info=&#8220;{}&#8220;][et_pb_text _builder_version=&#8220;4.16&#8243; header_font=&#8220;Open Sans Condensed|700|||||||&#8220; header_text_color=&#8220;#004c7b&#8220; width=&#8220;100%&#8220; global_colors_info=&#8220;{}&#8220;]<\/p>\n<h1 style=\"text-align: center;\">DEG EISKUNSTLAUF E. V.<\/h1>\n<p>[\/et_pb_text][et_pb_text _builder_version=&#8220;4.17.4&#8243; hover_enabled=&#8220;0&#8243; global_colors_info=&#8220;{}&#8220; text_text_color=&#8220;#004C7B&#8220; text_font=&#8220;|600|||||||&#8220; sticky_enabled=&#8220;0&#8243;]<\/p>\n<p style=\"text-align: center;\">Breitensport | Leistungssport | Synchroneiskunstlauf<\/p>\n<p style=\"text-align: center;\">[\/et_pb_text][et_pb_text _builder_version=&#8220;4.16&#8243; header_3_font=&#8220;Open Sans Condensed|700|||||||&#8220; header_3_text_color=&#8220;#004c7b&#8220; header_4_font=&#8220;Open Sans Condensed||||||||&#8220; header_4_text_color=&#8220;#004c7b&#8220; header_4_font_size=&#8220;24px&#8220; global_colors_info=&#8220;{}&#8220;]<\/p>\n<h4 style=\"text-align: center;\">UNSERE PHILOSOPHIE<\/h4>\n<p>[\/et_pb_text][et_pb_text _builder_version=&#8220;4.16&#8243; module_alignment=&#8220;left&#8220; custom_padding=&#8220;0px|200px||200px|false|false&#8220; custom_padding_tablet=&#8220;&#8220; custom_padding_phone=&#8220;|0px||0px|false|false&#8220; custom_padding_last_edited=&#8220;on|phone&#8220; background_last_edited=&#8220;on|desktop&#8220; text_text_shadow_style=&#8220;preset2&#8243; text_text_shadow_color=&#8220;#ffffff&#8220; global_colors_info=&#8220;{}&#8220;]<\/p>\n<p style=\"text-align: left;\"><span>Eislaufen ist ein Sport f\u00fcr alle Altersgruppen \u2013 wir von der DEG begleiten Kinder, Jugendliche und Erwachsene von den ersten Schritten auf dem Eis bis hin zum Leistungssport und bieten mit viel Herz und Professionalit\u00e4t ein optimales Training f\u00fcr alle K\u00f6nnerstufen.<\/span><\/p>\n<p>Die verschiedenen Abteilungen mit unserem qualifizierten A-Trainerteam erm\u00f6glichen ein individuelles Lernen. Ob Sie sich f\u00fcr Eiskunstlauf, Eistanz oder \u201eEislaufen just for fun\u201c entscheiden \u2013 wir betreuen Sie von Anfang an mit viel Spass und Leidenschaft.<\/p>\n<p>Die DEG bietet Ihnen ein bestm\u00f6gliches Training f\u00fcr ein kleines Budget \u2013 die Kosten f\u00fcr die Mitgliedschaft und die Trainingsstunden auf dem Eis halten wir gering, denn wir m\u00f6chten diesen sch\u00f6nen Sport so vielen Interessierten wie m\u00f6glich nahe bringen.<\/p>\n<p>Eiskunstlaufen ist f\u00fcr jedermann \u2013 fangen Sie einfach an! \ud83d\ude42<\/p>\n<p>[\/et_pb_text][\/et_pb_column][\/et_pb_row][et_pb_row _builder_version=&#8220;4.16&#8243; global_colors_info=&#8220;{}&#8220;][et_pb_column type=&#8220;4_4&#8243; _builder_version=&#8220;4.16&#8243; global_colors_info=&#8220;{}&#8220;][et_pb_text _builder_version=&#8220;4.16&#8243; header_3_font=&#8220;Open Sans Condensed|700|||||||&#8220; header_3_text_color=&#8220;#004c7b&#8220; header_3_font_size=&#8220;24px&#8220; global_colors_info=&#8220;{}&#8220;]<\/p>\n<h3 style=\"text-align: center;\">VEREINSHISTORIE<\/h3>\n<p>[\/et_pb_text][\/et_pb_column][\/et_pb_row][et_pb_row column_structure=&#8220;2_5,3_5&#8243; _builder_version=&#8220;4.16&#8243; global_colors_info=&#8220;{}&#8220;][et_pb_column type=&#8220;2_5&#8243; _builder_version=&#8220;4.16&#8243; global_colors_info=&#8220;{}&#8220;][et_pb_image src=&#8220;https:\/\/deg-eiskunstlauf-ev.de\/cms\/wp-content\/uploads\/2020\/10\/deg-eishalle-brehmstrasse-300&#215;225.jpg&#8220; alt=&#8220;DEG Eishalle&#8220; title_text=&#8220;deg-eishalle-brehmstrasse&#8220; _builder_version=&#8220;4.16&#8243; width=&#8220;100%&#8220; global_colors_info=&#8220;{}&#8220;][\/et_pb_image][\/et_pb_column][et_pb_column type=&#8220;3_5&#8243; _builder_version=&#8220;4.16&#8243; global_colors_info=&#8220;{}&#8220;][et_pb_text _builder_version=&#8220;4.16&#8243; global_colors_info=&#8220;{}&#8220;]<\/p>\n<p><strong>IN TRADITIONSREICHER UMGEBUNG<\/strong><\/p>\n<p><span>Der Name \u201eDEG\u201c ist mit einer langen und erfolgreichen Geschichte verbunden. Das Eisstadion an der Brehmstrasse und der Verein geh\u00f6ren zu den \u00e4ltesten St\u00e4tten f\u00fcr Eissport auf Kunsteis in Europa. <\/span><\/p>\n<p><span>Am 8. November 1935 wurde auf Initiative des D\u00fcsseldorfer Stahlindustriellen und Sportm\u00e4zens Ernst Poensgen die <i>D\u00fcsseldorfer Eislauf Gemeinschaft<\/i> mit den Sportsparten Eiskunstlauf, Eishockey, Eisschnelllauf und Eisstockschie\u00dfen gegr\u00fcndet und bereits am 26. September 1935 wurde das Richtfest an der Brehmstrasse gefeiert.<span class=\"Apple-converted-space\">\u00a0<\/span><\/span><\/p>\n<p><span>Das D\u00fcsseldorfer Stadion mit seinen 8000 Pl\u00e4tzen war \u2013 nach Berlin und M\u00fcnchen \u2013 das dritte Eisstadion in Deutschland <\/span><\/p>\n<p><span>Mit London, Paris, Wien, Budapest und Z\u00fcrich was es erst die achte Eissportst\u00e4tte, die in Europa gebaut wurde.<\/span><\/p>\n<p><span><\/span><\/p>\n<p>[\/et_pb_text][\/et_pb_column][\/et_pb_row][et_pb_row column_structure=&#8220;3_5,2_5&#8243; _builder_version=&#8220;4.16&#8243; global_colors_info=&#8220;{}&#8220;][et_pb_column type=&#8220;3_5&#8243; _builder_version=&#8220;4.16&#8243; global_colors_info=&#8220;{}&#8220;][et_pb_text _builder_version=&#8220;4.16&#8243; global_colors_info=&#8220;{}&#8220;]<\/p>\n<p><span>Schnell dominierten die auch heute noch in der Brehmstrasse ma\u00dfgeblich betriebenen Eissportarten Eiskunstlauf und Eishockey, die eigentlich immer abwechselnd gro\u00dfe nationale und internationale Erfolge aufweisen konnten und den guten Ruf der DEG gemeinsam weit \u00fcber Deutschland hinaus zementierten. <\/span><\/p>\n<p><span>Deshalb verwundert es auch nicht, dass die erste Bl\u00fctezeit der Sparte Eishockey vor dem 2.Weltkrieg unter dem Vorsitz eines 11maligen deutschen Kunstlaufmeisters entstand. Die Tradition der gro\u00dfen Schaulaufen mit internationalen Weltklasseathleten vor ausverkauften R\u00e4ngen wurde ebenfalls in dieser Zeit begr\u00fcndet und erst zu Beginn der Kriegshandlungen beendet.<\/span><\/p>\n<p><span>Nach dem Krieg, in dem das Stadion zerst\u00f6rt wurde, die Maschinenanlage hingegen unbeschadet blieb, ging es bereits 1949 weiter und die DEG kn\u00fcpfte schnell auch wieder an alte Erfolge an. <\/span><\/p>\n<p><span>Jetzt sorgte der Eiskunstlauf f\u00fcr einen Paukenschlag: Das erfolgreiche Eiskunstlaufpaar Ria Baran und Paul Falk trainierte an der Brehmstra\u00dfe und hatte seine sportliche Heimat in der DEG. Bereits als zweimalige Weltmeister (und mehrfache Sportler des Jahres) gewannen sie bei den Olympischen Winterspielen in Oslo 1952 die Goldmedaille. Dann \u00fcbernahm Eishockey wieder die internationalen W\u00fcrden, denn 1955 wurde D\u00fcsseldorf WM-Austragungsort f\u00fcr Eishockey und erhielt die \u201ezweite Bahn\u201c.<\/span><\/p>\n<p><span>Bis heute haben sich immer wieder D\u00fcsseldorfer Eiskunstl\u00e4uferinnen und Eiskunstl\u00e4ufer in die Medaillenlisten der internationalen und nationalen Meisterschaften eintragen k\u00f6nnen. Namen wie Tilo Gutzeit, Karin Gude, Marta und Hans-J\u00fcrgen Schamberger in den 60ern, Klaus Grimmelt, Astrid und Axel Kopp in den 70er Jahren, Patricia Neske in den 80ern und Tanja Scewczenko in den 90ern sind nur einige Pers\u00f6nlichkeiten dieser Zeit.<\/span><\/p>\n<p><span><\/span><\/p>\n<p>[\/et_pb_text][\/et_pb_column][et_pb_column type=&#8220;2_5&#8243; _builder_version=&#8220;4.16&#8243; global_colors_info=&#8220;{}&#8220;][et_pb_image src=&#8220;https:\/\/deg-eiskunstlauf-ev.de\/cms\/wp-content\/uploads\/2020\/07\/deg-eiskunstlauf-laeufer1-scaled.jpeg&#8220; alt=&#8220;deg eisstadion&#8220; title_text=&#8220;deg-eiskunstlauf-laeufer1&#8243; _builder_version=&#8220;4.16&#8243; global_colors_info=&#8220;{}&#8220;][\/et_pb_image][\/et_pb_column][\/et_pb_row][et_pb_row column_structure=&#8220;2_5,3_5&#8243; _builder_version=&#8220;4.16&#8243; global_colors_info=&#8220;{}&#8220;][et_pb_column type=&#8220;2_5&#8243; _builder_version=&#8220;4.16&#8243; global_colors_info=&#8220;{}&#8220;][et_pb_image src=&#8220;https:\/\/deg-eiskunstlauf-ev.de\/cms\/wp-content\/uploads\/2020\/07\/deg-eisstadion-brehmstrasse-aussenansicht.jpeg&#8220; title_text=&#8220;deg-eisstadion-brehmstrasse-aussenansicht&#8220; _builder_version=&#8220;4.16&#8243; global_colors_info=&#8220;{}&#8220;][\/et_pb_image][\/et_pb_column][et_pb_column type=&#8220;3_5&#8243; _builder_version=&#8220;4.16&#8243; global_colors_info=&#8220;{}&#8220;][et_pb_text _builder_version=&#8220;4.16&#8243; global_colors_info=&#8220;{}&#8220;]<\/p>\n<p><span>Aus der Einheit D\u00fcsseldorfer Eislaufgemeinschaft e. V. sind inzwischen getrennte Vereine f\u00fcr Eiskunstlauf und Eishockey entstanden. Die gemeinsame sportliche Entwicklung ist aber bis heute erhalten geblieben: Derzeit sind beide Sparten Landesleistungsst\u00fctzpunkte. Sicherlich ein Merkmal der Sportstadt D\u00fcsseldorf, welches bundesweit heraussticht, f\u00fcr das aber auch Enge und Verzicht von allen Seiten geleistet wird.<\/span><\/p>\n<p><span>Auch in den letzten Jahren hat die DEG immer wieder Deutsche Nachwuchs-, Jugend- und Juniorenmeister gestellt. Erfolgreiche L\u00e4uferinnen und L\u00e4ufer wie Eran Sragowicz, Katharina Rybkowski, Barbara Hantusch, Anna-Marie Mai, Thomas Maly.<br \/> Mari Vartmann als 5. im Paarlaufen in der Europameisterschaft 2012 und 14. der WM im gleichen Jahr sowie die Eist\u00e4nzerin Shari Koch, mit ihrem Siegener Partner 16. der Weltmeisterschaften 2019 haben die erfolgreiche Tradition fortgesetzt. <\/span><\/p>\n<p><span>Und es stehen schon wieder junge Eiskunstl\u00e4uferinnen und \u2013l\u00e4ufer bereit, um in diese Fu\u00dfstapfen zu treten.<\/span><\/p>\n<p>[\/et_pb_text][\/et_pb_column][\/et_pb_row][\/et_pb_section]<\/p>\n","protected":false},"excerpt":{"rendered":"<p>DEG EISKUNSTLAUF E. V.Breitensport | Leistungssport | Synchroneiskunstlauf UNSERE PHILOSOPHIEEislaufen ist ein Sport f\u00fcr alle Altersgruppen \u2013 wir von der DEG begleiten Kinder, Jugendliche und Erwachsene von den ersten Schritten auf dem Eis bis hin zum Leistungssport und bieten mit viel Herz und Professionalit\u00e4t ein optimales Training f\u00fcr alle K\u00f6nnerstufen. Die verschiedenen Abteilungen mit unserem [&hellip;]<\/p>\n","protected":false},"author":1,"featured_media":0,"parent":0,"menu_order":0,"comment_status":"closed","ping_status":"closed","template":"","meta":{"_et_pb_use_builder":"on","_et_pb_old_content":"","_et_gb_content_width":"","footnotes":""},"yoast_head":"<!-- This site is optimized with the Yoast SEO plugin v22.4 - https:\/\/yoast.com\/wordpress\/plugins\/seo\/ -->\n<title>VEREIN - DEG Eiskunstlauf e. V.<\/title>\n<meta name=\"robots\" content=\"index, follow, max-snippet:-1, max-image-preview:large, max-video-preview:-1\" \/>\n<link rel=\"canonical\" href=\"https:\/\/deg-eiskunstlauf-ev.de\/cms\/verein\/\" \/>\n<meta property=\"og:locale\" content=\"de_DE\" \/>\n<meta property=\"og:type\" content=\"article\" \/>\n<meta property=\"og:title\" content=\"VEREIN - DEG Eiskunstlauf e. V.\" \/>\n<meta property=\"og:description\" content=\"DEG EISKUNSTLAUF E. V.Breitensport | Leistungssport | Synchroneiskunstlauf UNSERE PHILOSOPHIEEislaufen ist ein Sport f\u00fcr alle Altersgruppen \u2013 wir von der DEG begleiten Kinder, Jugendliche und Erwachsene von den ersten Schritten auf dem Eis bis hin zum Leistungssport und bieten mit viel Herz und Professionalit\u00e4t ein optimales Training f\u00fcr alle K\u00f6nnerstufen. Die verschiedenen Abteilungen mit unserem [&hellip;]\" \/>\n<meta property=\"og:url\" content=\"https:\/\/deg-eiskunstlauf-ev.de\/cms\/verein\/\" \/>\n<meta property=\"og:site_name\" content=\"DEG Eiskunstlauf e. V.\" \/>\n<meta property=\"article:modified_time\" content=\"2022-06-21T08:26:54+00:00\" \/>\n<meta name=\"twitter:card\" content=\"summary_large_image\" \/>\n<meta name=\"twitter:label1\" content=\"Gesch\u00e4tzte Lesezeit\" \/>\n\t<meta name=\"twitter:data1\" content=\"6\u00a0Minuten\" \/>\n<script type=\"application\/ld+json\" class=\"yoast-schema-graph\">{\"@context\":\"https:\/\/schema.org\",\"@graph\":[{\"@type\":\"WebPage\",\"@id\":\"https:\/\/deg-eiskunstlauf-ev.de\/cms\/verein\/\",\"url\":\"https:\/\/deg-eiskunstlauf-ev.de\/cms\/verein\/\",\"name\":\"VEREIN - DEG Eiskunstlauf e. V.\",\"isPartOf\":{\"@id\":\"https:\/\/deg-eiskunstlauf-ev.de\/cms\/#website\"},\"datePublished\":\"2020-07-01T12:15:15+00:00\",\"dateModified\":\"2022-06-21T08:26:54+00:00\",\"breadcrumb\":{\"@id\":\"https:\/\/deg-eiskunstlauf-ev.de\/cms\/verein\/#breadcrumb\"},\"inLanguage\":\"de\",\"potentialAction\":[{\"@type\":\"ReadAction\",\"target\":[\"https:\/\/deg-eiskunstlauf-ev.de\/cms\/verein\/\"]}]},{\"@type\":\"BreadcrumbList\",\"@id\":\"https:\/\/deg-eiskunstlauf-ev.de\/cms\/verein\/#breadcrumb\",\"itemListElement\":[{\"@type\":\"ListItem\",\"position\":1,\"name\":\"Startseite\",\"item\":\"https:\/\/deg-eiskunstlauf-ev.de\/cms\/\"},{\"@type\":\"ListItem\",\"position\":2,\"name\":\"VEREIN\"}]},{\"@type\":\"WebSite\",\"@id\":\"https:\/\/deg-eiskunstlauf-ev.de\/cms\/#website\",\"url\":\"https:\/\/deg-eiskunstlauf-ev.de\/cms\/\",\"name\":\"DEG Eiskunstlauf e. V.\",\"description\":\"\",\"potentialAction\":[{\"@type\":\"SearchAction\",\"target\":{\"@type\":\"EntryPoint\",\"urlTemplate\":\"https:\/\/deg-eiskunstlauf-ev.de\/cms\/?s={search_term_string}\"},\"query-input\":\"required name=search_term_string\"}],\"inLanguage\":\"de\"}]}<\/script>\n<!-- \/ Yoast SEO plugin. -->","yoast_head_json":{"title":"VEREIN - DEG Eiskunstlauf e. V.","robots":{"index":"index","follow":"follow","max-snippet":"max-snippet:-1","max-image-preview":"max-image-preview:large","max-video-preview":"max-video-preview:-1"},"canonical":"https:\/\/deg-eiskunstlauf-ev.de\/cms\/verein\/","og_locale":"de_DE","og_type":"article","og_title":"VEREIN - DEG Eiskunstlauf e. V.","og_description":"DEG EISKUNSTLAUF E. V.Breitensport | Leistungssport | Synchroneiskunstlauf UNSERE PHILOSOPHIEEislaufen ist ein Sport f\u00fcr alle Altersgruppen \u2013 wir von der DEG begleiten Kinder, Jugendliche und Erwachsene von den ersten Schritten auf dem Eis bis hin zum Leistungssport und bieten mit viel Herz und Professionalit\u00e4t ein optimales Training f\u00fcr alle K\u00f6nnerstufen. Die verschiedenen Abteilungen mit unserem [&hellip;]","og_url":"https:\/\/deg-eiskunstlauf-ev.de\/cms\/verein\/","og_site_name":"DEG Eiskunstlauf e. V.","article_modified_time":"2022-06-21T08:26:54+00:00","twitter_card":"summary_large_image","twitter_misc":{"Gesch\u00e4tzte Lesezeit":"6\u00a0Minuten"},"schema":{"@context":"https:\/\/schema.org","@graph":[{"@type":"WebPage","@id":"https:\/\/deg-eiskunstlauf-ev.de\/cms\/verein\/","url":"https:\/\/deg-eiskunstlauf-ev.de\/cms\/verein\/","name":"VEREIN - DEG Eiskunstlauf e. V.","isPartOf":{"@id":"https:\/\/deg-eiskunstlauf-ev.de\/cms\/#website"},"datePublished":"2020-07-01T12:15:15+00:00","dateModified":"2022-06-21T08:26:54+00:00","breadcrumb":{"@id":"https:\/\/deg-eiskunstlauf-ev.de\/cms\/verein\/#breadcrumb"},"inLanguage":"de","potentialAction":[{"@type":"ReadAction","target":["https:\/\/deg-eiskunstlauf-ev.de\/cms\/verein\/"]}]},{"@type":"BreadcrumbList","@id":"https:\/\/deg-eiskunstlauf-ev.de\/cms\/verein\/#breadcrumb","itemListElement":[{"@type":"ListItem","position":1,"name":"Startseite","item":"https:\/\/deg-eiskunstlauf-ev.de\/cms\/"},{"@type":"ListItem","position":2,"name":"VEREIN"}]},{"@type":"WebSite","@id":"https:\/\/deg-eiskunstlauf-ev.de\/cms\/#website","url":"https:\/\/deg-eiskunstlauf-ev.de\/cms\/","name":"DEG Eiskunstlauf e. V.","description":"","potentialAction":[{"@type":"SearchAction","target":{"@type":"EntryPoint","urlTemplate":"https:\/\/deg-eiskunstlauf-ev.de\/cms\/?s={search_term_string}"},"query-input":"required name=search_term_string"}],"inLanguage":"de"}]}},"_links":{"self":[{"href":"https:\/\/deg-eiskunstlauf-ev.de\/cms\/wp-json\/wp\/v2\/pages\/94"}],"collection":[{"href":"https:\/\/deg-eiskunstlauf-ev.de\/cms\/wp-json\/wp\/v2\/pages"}],"about":[{"href":"https:\/\/deg-eiskunstlauf-ev.de\/cms\/wp-json\/wp\/v2\/types\/page"}],"author":[{"embeddable":true,"href":"https:\/\/deg-eiskunstlauf-ev.de\/cms\/wp-json\/wp\/v2\/users\/1"}],"replies":[{"embeddable":true,"href":"https:\/\/deg-eiskunstlauf-ev.de\/cms\/wp-json\/wp\/v2\/comments?post=94"}],"version-history":[{"count":29,"href":"https:\/\/deg-eiskunstlauf-ev.de\/cms\/wp-json\/wp\/v2\/pages\/94\/revisions"}],"predecessor-version":[{"id":2095,"href":"https:\/\/deg-eiskunstlauf-ev.de\/cms\/wp-json\/wp\/v2\/pages\/94\/revisions\/2095"}],"wp:attachment":[{"href":"https:\/\/deg-eiskunstlauf-ev.de\/cms\/wp-json\/wp\/v2\/media?parent=94"}],"curies":[{"name":"wp","href":"https:\/\/api.w.org\/{rel}","templated":true}]}}