{"id":357,"date":"2020-07-11T18:19:17","date_gmt":"2020-07-11T16:19:17","guid":{"rendered":"https:\/\/deg-eiskunstlauf-ev.de\/cms\/?page_id=357"},"modified":"2023-10-20T06:57:52","modified_gmt":"2023-10-20T04:57:52","slug":"downloads","status":"publish","type":"page","link":"https:\/\/deg-eiskunstlauf-ev.de\/cms\/downloads\/","title":{"rendered":"DOWNLOADS &#038; FORMULARE"},"content":{"rendered":"<p>[et_pb_section fb_built=&#8220;1&#8243; _builder_version=&#8220;4.16&#8243; global_colors_info=&#8220;{}&#8220;][et_pb_row _builder_version=&#8220;4.16&#8243; global_colors_info=&#8220;{}&#8220;][et_pb_column type=&#8220;4_4&#8243; _builder_version=&#8220;4.16&#8243; global_colors_info=&#8220;{}&#8220;][et_pb_text content_tablet=&#8220;&#8220; content_phone=&#8220;<\/p>\n<h1>DOWNLOADS &#038; <wbr \/>FORMULARE<\/h1>\n<p>&#8220; content_last_edited=&#8220;on|phone&#8220; _builder_version=&#8220;4.20.4&#8243; header_font=&#8220;|700|||||||&#8220; header_text_align=&#8220;center&#8220; header_text_color=&#8220;#004c7b&#8220; header_font_size=&#8220;36px&#8220; global_colors_info=&#8220;{}&#8220;]<\/p>\n<h1>DOWNLOADS &amp; FORMULARE<\/h1>\n<p>[\/et_pb_text][\/et_pb_column][\/et_pb_row][et_pb_row column_structure=&#8220;1_3,1_3,1_3&#8243; use_custom_gutter=&#8220;on&#8220; gutter_width=&#8220;2&#8243; make_equal=&#8220;on&#8220; module_class=&#8220;gq_r_fixed_buttons&#8220; _builder_version=&#8220;4.16&#8243; width=&#8220;90%&#8220; custom_margin=&#8220;||||false|false&#8220; custom_padding=&#8220;||||false|false&#8220; global_colors_info=&#8220;{}&#8220;][et_pb_column type=&#8220;1_3&#8243; _builder_version=&#8220;4.16&#8243; global_colors_info=&#8220;{}&#8220;][\/et_pb_column][et_pb_column type=&#8220;1_3&#8243; _builder_version=&#8220;4.16&#8243; global_colors_info=&#8220;{}&#8220;][et_pb_blurb title=&#8220;PROBETRAINING &#8211; Saison 2023\/2024&#8243; use_icon=&#8220;on&#8220; font_icon=&#8220;&#xe06b;||divi||400&#8243; icon_color=&#8220;#eb0000&#8243; image_icon_width=&#8220;40px&#8220; _builder_version=&#8220;4.22.1&#8243; header_text_align=&#8220;center&#8220; header_text_color=&#8220;#004c7b&#8220; body_font=&#8220;||||||||&#8220; body_text_color=&#8220;#EB0000&#8243; custom_padding=&#8220;||20px||false|false&#8220; hover_enabled=&#8220;0&#8243; icon_font_size=&#8220;40px&#8220; global_colors_info=&#8220;{}&#8220; sticky_enabled=&#8220;0&#8243;]<\/p>\n<p style=\"text-align: center;\">Aktuell k\u00f6nnen leider keine weiteren Anmeldungen ber\u00fccksichtigt werden.<br \/>Gerne nehmen wir aber alle Interessenten auf die Warteliste auf.<\/p>\n<p>[\/et_pb_blurb][\/et_pb_column][et_pb_column type=&#8220;1_3&#8243; _builder_version=&#8220;4.16&#8243; global_colors_info=&#8220;{}&#8220;][\/et_pb_column][\/et_pb_row][et_pb_row column_structure=&#8220;1_3,1_3,1_3&#8243; use_custom_gutter=&#8220;on&#8220; gutter_width=&#8220;2&#8243; make_equal=&#8220;on&#8220; module_class=&#8220;gq_r_fixed_buttons&#8220; _builder_version=&#8220;4.16&#8243; width=&#8220;90%&#8220; custom_margin=&#8220;||||false|false&#8220; custom_padding=&#8220;||||false|false&#8220; global_colors_info=&#8220;{}&#8220;][et_pb_column type=&#8220;1_3&#8243; _builder_version=&#8220;4.16&#8243; global_colors_info=&#8220;{}&#8220;][\/et_pb_column][et_pb_column type=&#8220;1_3&#8243; admin_label=&#8220;Spalte&#8220; _builder_version=&#8220;4.16&#8243; global_colors_info=&#8220;{}&#8220;][et_pb_blurb title=&#8220;TRAININGSZEITEN 2021\/2022&#8243; use_icon=&#8220;on&#8220; font_icon=&#8220;&#xe06b;||divi||400&#8243; icon_color=&#8220;#eb0000&#8243; image_icon_width=&#8220;40px&#8220; _builder_version=&#8220;4.16&#8243; header_text_align=&#8220;center&#8220; header_text_color=&#8220;#004c7b&#8220; body_font=&#8220;||||||||&#8220; custom_padding=&#8220;||20px||false|false&#8220; icon_font_size=&#8220;40px&#8220; global_colors_info=&#8220;{}&#8220;]<\/p>\n<p style=\"text-align: center;\">Trainingszeiten A\/B-Gruppe, L-Gruppe, F-Gruppe, SYS, Erwachsene<\/p>\n<p>[\/et_pb_blurb][et_pb_button button_url=&#8220;@ET-DC@eyJkeW5hbWljIjp0cnVlLCJjb250ZW50IjoicG9zdF9saW5rX3VybF9hdHRhY2htZW50Iiwic2V0dGluZ3MiOnsicG9zdF9pZCI6IjE5MjAifX0=@&#8220; url_new_window=&#8220;on&#8220; button_text=&#8220;TRAININGSZEITEN&#8220; button_alignment=&#8220;center&#8220; _builder_version=&#8220;4.16&#8243; _dynamic_attributes=&#8220;button_url&#8220; _module_preset=&#8220;default&#8220; custom_button=&#8220;on&#8220; button_icon=&#8220;&#x24;||divi||400&#8243; button_on_hover=&#8220;off&#8220; custom_padding=&#8220;|25px|||false|false&#8220; global_colors_info=&#8220;{}&#8220;][\/et_pb_button][\/et_pb_column][et_pb_column type=&#8220;1_3&#8243; _builder_version=&#8220;4.16&#8243; global_colors_info=&#8220;{}&#8220;][\/et_pb_column][\/et_pb_row][et_pb_row column_structure=&#8220;1_3,1_3,1_3&#8243; use_custom_gutter=&#8220;on&#8220; gutter_width=&#8220;2&#8243; make_equal=&#8220;on&#8220; module_class=&#8220;gq_r_fixed_buttons&#8220; _builder_version=&#8220;4.16&#8243; width=&#8220;90%&#8220; custom_margin=&#8220;||||false|false&#8220; custom_padding=&#8220;||||false|false&#8220; global_colors_info=&#8220;{}&#8220;][et_pb_column type=&#8220;1_3&#8243; _builder_version=&#8220;4.16&#8243; global_colors_info=&#8220;{}&#8220;][et_pb_blurb title=&#8220;AUFNAHMEANTRAG&#8220; use_icon=&#8220;on&#8220; font_icon=&#8220;&#xe05a;||divi||400&#8243; icon_color=&#8220;#eb0000&#8243; image_icon_width=&#8220;40px&#8220; _builder_version=&#8220;4.16&#8243; header_text_align=&#8220;center&#8220; header_text_color=&#8220;#004c7b&#8220; custom_padding=&#8220;||20px||false|false&#8220; icon_font_size=&#8220;40px&#8220; global_colors_info=&#8220;{}&#8220;]<\/p>\n<p style=\"text-align: center;\">Anmeldeformular f\u00fcr die DEG Eiskunstlauf e. V.<\/p>\n<p>[\/et_pb_blurb][et_pb_text _builder_version=&#8220;4.21.0&#8243; _module_preset=&#8220;default&#8220; custom_padding=&#8220;||12px||false|false&#8220; global_module=&#8220;1213&#8243; global_colors_info=&#8220;{}&#8220;]<\/p>\n<p style=\"text-align: center;\"><span style=\"background-color: #eb0000; padding: 5px 10px 5px 10px; border-radius: 5px; color: #fff; font-weight: bold;\"> Aufnahme-Stopp  <\/span><\/p>\n<p>[\/et_pb_text][et_pb_button url_new_window=&#8220;on&#8220; button_text=&#8220;AUFNAHMEANTRAG&#8220; button_alignment=&#8220;center&#8220; _builder_version=&#8220;4.22.1&#8243; _module_preset=&#8220;default&#8220; custom_button=&#8220;on&#8220; button_icon=&#8220;&#x24;||divi||400&#8243; button_on_hover=&#8220;off&#8220; custom_padding=&#8220;|25px|||false|false&#8220; hover_enabled=&#8220;0&#8243; global_colors_info=&#8220;{}&#8220; sticky_enabled=&#8220;0&#8243; button_bg_color=&#8220;#B3B3B3&#8243; button_bg_enable_color=&#8220;on&#8220;][\/et_pb_button][\/et_pb_column][et_pb_column type=&#8220;1_3&#8243; _builder_version=&#8220;4.16&#8243; global_colors_info=&#8220;{}&#8220;][et_pb_blurb title=&#8220;MITGLIEDSBEITR\u00c4GE&#8220; use_icon=&#8220;on&#8220; font_icon=&#8220;&#xe0fc;||divi||400&#8243; icon_color=&#8220;#eb0000&#8243; image_icon_width=&#8220;40px&#8220; _builder_version=&#8220;4.16&#8243; header_text_align=&#8220;center&#8220; header_text_color=&#8220;#004c7b&#8220; custom_margin=&#8220;||||false|false&#8220; custom_padding=&#8220;||||false|false&#8220; icon_font_size=&#8220;40px&#8220; global_colors_info=&#8220;{}&#8220;]<\/p>\n<p style=\"text-align: center;\">Zahlungsmodalit\u00e4ten und Beitr\u00e4ge f\u00fcr alle Leistungsgruppen, Jugendliche und Erwachsene, aktive und passive Mitglieder<\/p>\n<p>[\/et_pb_blurb][et_pb_button button_url=&#8220;https:\/\/deg-eiskunstlauf-ev.de\/cms\/wp-content\/uploads\/2020\/10\/DEG-Eiskunstlauf-eV-Mitgliedsbeitraege.pdf&#8220; url_new_window=&#8220;on&#8220; button_text=&#8220;MITGLIEDSBEITR\u00c4GE&#8220; button_alignment=&#8220;center&#8220; _builder_version=&#8220;4.16&#8243; _module_preset=&#8220;default&#8220; custom_button=&#8220;on&#8220; button_icon=&#8220;&#x24;||divi||400&#8243; button_on_hover=&#8220;off&#8220; custom_padding=&#8220;|25px|||false|false&#8220; global_colors_info=&#8220;{}&#8220;][\/et_pb_button][\/et_pb_column][et_pb_column type=&#8220;1_3&#8243; _builder_version=&#8220;4.16&#8243; global_colors_info=&#8220;{}&#8220;][et_pb_blurb title=&#8220;SICHERHEITSKONZEPT&#8220; use_icon=&#8220;on&#8220; font_icon=&#8220;&#xe077;||divi||400&#8243; icon_color=&#8220;#eb0000&#8243; image_icon_width=&#8220;40px&#8220; _builder_version=&#8220;4.16&#8243; header_text_align=&#8220;center&#8220; header_text_color=&#8220;#004c7b&#8220; body_font=&#8220;||||||||&#8220; custom_margin=&#8220;|0px||0px|false|false&#8220; custom_padding=&#8220;|0px||0px|false|false&#8220; icon_font_size=&#8220;40px&#8220; global_colors_info=&#8220;{}&#8220;][\/et_pb_blurb][et_pb_text _builder_version=&#8220;4.21.0&#8243; _module_preset=&#8220;default&#8220; custom_padding=&#8220;||12px||false|false&#8220; global_module=&#8220;1213&#8243; global_colors_info=&#8220;{}&#8220; saved_tabs=&#8220;all&#8220;]<\/p>\n<p style=\"text-align: center;\"><span style=\"background-color: #eb0000; padding: 5px 10px 5px 10px; border-radius: 5px; color: #fff; font-weight: bold;\"> Aufnahme-Stopp  <\/span><\/p>\n<p>[\/et_pb_text][et_pb_text _builder_version=&#8220;4.16&#8243; _module_preset=&#8220;default&#8220; global_colors_info=&#8220;{}&#8220;]<\/p>\n<p style=\"text-align: center;\"><span>Verhaltensregeln in Coronazeiten<br \/>(Stand 21.08.2021)<\/span><\/p>\n<p>[\/et_pb_text][et_pb_button button_url=&#8220;@ET-DC@eyJkeW5hbWljIjp0cnVlLCJjb250ZW50IjoicG9zdF9saW5rX3VybF9hdHRhY2htZW50Iiwic2V0dGluZ3MiOnsicG9zdF9pZCI6IjE4ODAifX0=@&#8220; url_new_window=&#8220;on&#8220; button_text=&#8220;SICHERHEITSKONZEPT&#8220; button_alignment=&#8220;center&#8220; _builder_version=&#8220;4.16&#8243; _dynamic_attributes=&#8220;button_url&#8220; _module_preset=&#8220;default&#8220; custom_button=&#8220;on&#8220; button_icon=&#8220;&#x24;||divi||400&#8243; button_on_hover=&#8220;off&#8220; custom_padding=&#8220;|25px|||false|false&#8220; global_colors_info=&#8220;{}&#8220;][\/et_pb_button][\/et_pb_column][\/et_pb_row][et_pb_row column_structure=&#8220;1_3,1_3,1_3&#8243; use_custom_gutter=&#8220;on&#8220; make_equal=&#8220;on&#8220; module_class=&#8220;gq_r_fixed_buttons&#8220; _builder_version=&#8220;4.16&#8243; _module_preset=&#8220;default&#8220; custom_margin=&#8220;30px||||false|false&#8220; global_colors_info=&#8220;{}&#8220;][et_pb_column type=&#8220;1_3&#8243; _builder_version=&#8220;4.16&#8243; global_colors_info=&#8220;{}&#8220;][et_pb_blurb title=&#8220;EINVERST\u00c4NDNISERKL\u00c4RUNG&#8220; use_icon=&#8220;on&#8220; font_icon=&#8220;&#xe052;||divi||400&#8243; icon_color=&#8220;#eb0000&#8243; image_icon_width=&#8220;40px&#8220; _builder_version=&#8220;4.16&#8243; header_text_align=&#8220;center&#8220; header_text_color=&#8220;#004c7b&#8220; icon_font_size=&#8220;40px&#8220; global_colors_info=&#8220;{}&#8220;][\/et_pb_blurb][et_pb_text _builder_version=&#8220;4.21.0&#8243; _module_preset=&#8220;default&#8220; custom_padding=&#8220;||12px||false|false&#8220; global_module=&#8220;1213&#8243; global_colors_info=&#8220;{}&#8220; saved_tabs=&#8220;all&#8220;]<\/p>\n<p style=\"text-align: center;\"><span style=\"background-color: #eb0000; padding: 5px 10px 5px 10px; border-radius: 5px; color: #fff; font-weight: bold;\"> Aufnahme-Stopp  <\/span><\/p>\n<p>[\/et_pb_text][et_pb_text _builder_version=&#8220;4.16&#8243; _module_preset=&#8220;default&#8220; custom_padding=&#8220;||||false|false&#8220; global_colors_info=&#8220;{}&#8220;]<\/p>\n<div class=\"page\" title=\"Page 1\">\n<div class=\"layoutArea\">\n<div class=\"column\">\n<p style=\"text-align: center;\"><span>Es ist vorgesehen, Daten von anwesenden Personen mit deren Einversta\u0308ndnis zur Ermo\u0308glichung einer Ru\u0308ckverfolgung schriftlich zu erfassen und im Bedarfsfall an die zusta\u0308ndigen Beho\u0308rden zu u\u0308bermitteln.<br \/> (vgl. \u00a7 2a Corona-Schutzverordnung NRW in der ab dem 30.05.2020 gu\u0308ltigen Fassung). <\/span><\/p>\n<p style=\"text-align: center;\"><span><strong>Sollten Sie mit der Datenverarbeitung <span style=\"text-decoration: underline;\">nicht<\/span> einverstanden sein, ko\u0308nnen Sie am Sportangebot des Vereins bedauerlicherweise nicht teilnehmen.\u00a0<\/strong><\/span><\/p>\n<\/div>\n<\/div>\n<\/div>\n<p>[\/et_pb_text][et_pb_button button_url=&#8220;https:\/\/deg-eiskunstlauf-ev.de\/cms\/wp-content\/uploads\/2020\/10\/DEG-Eiskunstlauf-eV-Einverstaendniserklaerung.pdf&#8220; url_new_window=&#8220;on&#8220; button_text=&#8220;EINVERST\u00c4NDNISERKL\u00c4RUNG&#8220; button_alignment=&#8220;center&#8220; _builder_version=&#8220;4.16&#8243; _module_preset=&#8220;default&#8220; custom_button=&#8220;on&#8220; button_icon=&#8220;&#x24;||divi||400&#8243; button_on_hover=&#8220;off&#8220; custom_padding=&#8220;|25px|||false|false&#8220; global_colors_info=&#8220;{}&#8220;][\/et_pb_button][\/et_pb_column][et_pb_column type=&#8220;1_3&#8243; _builder_version=&#8220;4.16&#8243; global_colors_info=&#8220;{}&#8220;][et_pb_blurb title=&#8220;SATZUNG&#8220; use_icon=&#8220;on&#8220; font_icon=&#8220;&#xe059;||divi||400&#8243; icon_color=&#8220;#eb0000&#8243; image_icon_width=&#8220;40px&#8220; _builder_version=&#8220;4.16&#8243; header_text_align=&#8220;center&#8220; header_text_color=&#8220;#004c7b&#8220; body_font=&#8220;||||||||&#8220; custom_padding=&#8220;|0px||0px|false|false&#8220; icon_font_size=&#8220;40px&#8220; global_colors_info=&#8220;{}&#8220;]<\/p>\n<p style=\"text-align: center;\">Satzung der\u00a0DEG Eiskunstlauf e. V.<br \/> (Stand 24.11.2010)<\/p>\n<p>[\/et_pb_blurb][et_pb_button button_url=&#8220;https:\/\/deg-eiskunstlauf-ev.de\/cms\/wp-content\/uploads\/2020\/10\/DEG-Eiskunstlauf-eV-Satzung-24.11.2010.pdf&#8220; url_new_window=&#8220;on&#8220; button_text=&#8220;SATZUNG&#8220; button_alignment=&#8220;center&#8220; _builder_version=&#8220;4.16&#8243; _module_preset=&#8220;default&#8220; custom_button=&#8220;on&#8220; button_icon=&#8220;&#x24;||divi||400&#8243; button_on_hover=&#8220;off&#8220; custom_padding=&#8220;|25px|||false|false&#8220; global_colors_info=&#8220;{}&#8220;][\/et_pb_button][\/et_pb_column][et_pb_column type=&#8220;1_3&#8243; _builder_version=&#8220;4.18.0&#8243; global_colors_info=&#8220;{}&#8220;][et_pb_blurb title=&#8220;SPORTPASS&#8220; use_icon=&#8220;on&#8220; font_icon=&#8220;&#xe0e0;||divi||400&#8243; icon_color=&#8220;#eb0000&#8243; image_icon_width=&#8220;40px&#8220; admin_label=&#8220;Informationstext&#8220; _builder_version=&#8220;4.16&#8243; header_text_align=&#8220;center&#8220; header_text_color=&#8220;#004c7b&#8220; custom_padding=&#8220;||||false|false&#8220; icon_font_size=&#8220;40px&#8220; global_colors_info=&#8220;{}&#8220;]<\/p>\n<p style=\"text-align: center;\">Der Sportpass (Startberechtigung) steht bei der DEU zum Download bereit.<\/p>\n<p style=\"text-align: center;\"><i class=\"fas fa-link\"><\/i> <a href=\"https:\/\/www.eislauf-union.de\/sportpaesse-lizenzen?jsn_mobilize_preview=424\">www.eislauf-union.de<\/a><\/p>\n<p>[\/et_pb_blurb][et_pb_button button_url=&#8220;https:\/\/www.eislauf-union.de\/de\/sportpaesse-lizenzen\/484-sportpaesse&#8220; url_new_window=&#8220;on&#8220; button_text=&#8220;SPORTPASS&#8220; button_alignment=&#8220;center&#8220; admin_label=&#8220;Button&#8220; _builder_version=&#8220;4.18.0&#8243; _module_preset=&#8220;default&#8220; custom_button=&#8220;on&#8220; button_icon=&#8220;&#x24;||divi||400&#8243; button_on_hover=&#8220;off&#8220; custom_padding=&#8220;|25px|||false|false&#8220; global_colors_info=&#8220;{}&#8220;][\/et_pb_button][\/et_pb_column][\/et_pb_row][\/et_pb_section]<\/p>\n","protected":false},"excerpt":{"rendered":"<p>DOWNLOADS &amp; FORMULAREAktuell k\u00f6nnen leider keine weiteren Anmeldungen ber\u00fccksichtigt werden.Gerne nehmen wir aber alle Interessenten auf die Warteliste auf.Trainingszeiten A\/B-Gruppe, L-Gruppe, F-Gruppe, SYS, ErwachseneAnmeldeformular f\u00fcr die DEG Eiskunstlauf e. V. Aufnahme-Stopp Zahlungsmodalit\u00e4ten und Beitr\u00e4ge f\u00fcr alle Leistungsgruppen, Jugendliche und Erwachsene, aktive und passive Mitglieder Aufnahme-Stopp Verhaltensregeln in Coronazeiten(Stand 21.08.2021) Aufnahme-Stopp Es ist vorgesehen, Daten von [&hellip;]<\/p>\n","protected":false},"author":1,"featured_media":0,"parent":0,"menu_order":0,"comment_status":"closed","ping_status":"closed","template":"","meta":{"_et_pb_use_builder":"on","_et_pb_old_content":"","_et_gb_content_width":"","footnotes":""},"yoast_head":"<!-- This site is optimized with the Yoast SEO plugin v22.4 - https:\/\/yoast.com\/wordpress\/plugins\/seo\/ -->\n<title>DOWNLOADS &amp; FORMULARE - DEG Eiskunstlauf e. V.<\/title>\n<meta name=\"robots\" content=\"index, follow, max-snippet:-1, max-image-preview:large, max-video-preview:-1\" \/>\n<link rel=\"canonical\" href=\"https:\/\/deg-eiskunstlauf-ev.de\/cms\/downloads\/\" \/>\n<meta property=\"og:locale\" content=\"de_DE\" \/>\n<meta property=\"og:type\" content=\"article\" \/>\n<meta property=\"og:title\" content=\"DOWNLOADS &amp; FORMULARE - DEG Eiskunstlauf e. V.\" \/>\n<meta property=\"og:description\" content=\"DOWNLOADS &amp; FORMULAREAktuell k\u00f6nnen leider keine weiteren Anmeldungen ber\u00fccksichtigt werden.Gerne nehmen wir aber alle Interessenten auf die Warteliste auf.Trainingszeiten A\/B-Gruppe, L-Gruppe, F-Gruppe, SYS, ErwachseneAnmeldeformular f\u00fcr die DEG Eiskunstlauf e. V. Aufnahme-Stopp Zahlungsmodalit\u00e4ten und Beitr\u00e4ge f\u00fcr alle Leistungsgruppen, Jugendliche und Erwachsene, aktive und passive Mitglieder Aufnahme-Stopp Verhaltensregeln in Coronazeiten(Stand 21.08.2021) Aufnahme-Stopp Es ist vorgesehen, Daten von [&hellip;]\" \/>\n<meta property=\"og:url\" content=\"https:\/\/deg-eiskunstlauf-ev.de\/cms\/downloads\/\" \/>\n<meta property=\"og:site_name\" content=\"DEG Eiskunstlauf e. V.\" \/>\n<meta property=\"article:modified_time\" content=\"2023-10-20T04:57:52+00:00\" \/>\n<meta name=\"twitter:card\" content=\"summary_large_image\" \/>\n<meta name=\"twitter:label1\" content=\"Gesch\u00e4tzte Lesezeit\" \/>\n\t<meta name=\"twitter:data1\" content=\"7\u00a0Minuten\" \/>\n<script type=\"application\/ld+json\" class=\"yoast-schema-graph\">{\"@context\":\"https:\/\/schema.org\",\"@graph\":[{\"@type\":\"WebPage\",\"@id\":\"https:\/\/deg-eiskunstlauf-ev.de\/cms\/downloads\/\",\"url\":\"https:\/\/deg-eiskunstlauf-ev.de\/cms\/downloads\/\",\"name\":\"DOWNLOADS & FORMULARE - DEG Eiskunstlauf e. V.\",\"isPartOf\":{\"@id\":\"https:\/\/deg-eiskunstlauf-ev.de\/cms\/#website\"},\"datePublished\":\"2020-07-11T16:19:17+00:00\",\"dateModified\":\"2023-10-20T04:57:52+00:00\",\"breadcrumb\":{\"@id\":\"https:\/\/deg-eiskunstlauf-ev.de\/cms\/downloads\/#breadcrumb\"},\"inLanguage\":\"de\",\"potentialAction\":[{\"@type\":\"ReadAction\",\"target\":[\"https:\/\/deg-eiskunstlauf-ev.de\/cms\/downloads\/\"]}]},{\"@type\":\"BreadcrumbList\",\"@id\":\"https:\/\/deg-eiskunstlauf-ev.de\/cms\/downloads\/#breadcrumb\",\"itemListElement\":[{\"@type\":\"ListItem\",\"position\":1,\"name\":\"Startseite\",\"item\":\"https:\/\/deg-eiskunstlauf-ev.de\/cms\/\"},{\"@type\":\"ListItem\",\"position\":2,\"name\":\"DOWNLOADS &#038; FORMULARE\"}]},{\"@type\":\"WebSite\",\"@id\":\"https:\/\/deg-eiskunstlauf-ev.de\/cms\/#website\",\"url\":\"https:\/\/deg-eiskunstlauf-ev.de\/cms\/\",\"name\":\"DEG Eiskunstlauf e. V.\",\"description\":\"\",\"potentialAction\":[{\"@type\":\"SearchAction\",\"target\":{\"@type\":\"EntryPoint\",\"urlTemplate\":\"https:\/\/deg-eiskunstlauf-ev.de\/cms\/?s={search_term_string}\"},\"query-input\":\"required name=search_term_string\"}],\"inLanguage\":\"de\"}]}<\/script>\n<!-- \/ Yoast SEO plugin. -->","yoast_head_json":{"title":"DOWNLOADS & FORMULARE - DEG Eiskunstlauf e. V.","robots":{"index":"index","follow":"follow","max-snippet":"max-snippet:-1","max-image-preview":"max-image-preview:large","max-video-preview":"max-video-preview:-1"},"canonical":"https:\/\/deg-eiskunstlauf-ev.de\/cms\/downloads\/","og_locale":"de_DE","og_type":"article","og_title":"DOWNLOADS & FORMULARE - DEG Eiskunstlauf e. V.","og_description":"DOWNLOADS &amp; FORMULAREAktuell k\u00f6nnen leider keine weiteren Anmeldungen ber\u00fccksichtigt werden.Gerne nehmen wir aber alle Interessenten auf die Warteliste auf.Trainingszeiten A\/B-Gruppe, L-Gruppe, F-Gruppe, SYS, ErwachseneAnmeldeformular f\u00fcr die DEG Eiskunstlauf e. V. Aufnahme-Stopp Zahlungsmodalit\u00e4ten und Beitr\u00e4ge f\u00fcr alle Leistungsgruppen, Jugendliche und Erwachsene, aktive und passive Mitglieder Aufnahme-Stopp Verhaltensregeln in Coronazeiten(Stand 21.08.2021) Aufnahme-Stopp Es ist vorgesehen, Daten von [&hellip;]","og_url":"https:\/\/deg-eiskunstlauf-ev.de\/cms\/downloads\/","og_site_name":"DEG Eiskunstlauf e. V.","article_modified_time":"2023-10-20T04:57:52+00:00","twitter_card":"summary_large_image","twitter_misc":{"Gesch\u00e4tzte Lesezeit":"7\u00a0Minuten"},"schema":{"@context":"https:\/\/schema.org","@graph":[{"@type":"WebPage","@id":"https:\/\/deg-eiskunstlauf-ev.de\/cms\/downloads\/","url":"https:\/\/deg-eiskunstlauf-ev.de\/cms\/downloads\/","name":"DOWNLOADS & FORMULARE - DEG Eiskunstlauf e. V.","isPartOf":{"@id":"https:\/\/deg-eiskunstlauf-ev.de\/cms\/#website"},"datePublished":"2020-07-11T16:19:17+00:00","dateModified":"2023-10-20T04:57:52+00:00","breadcrumb":{"@id":"https:\/\/deg-eiskunstlauf-ev.de\/cms\/downloads\/#breadcrumb"},"inLanguage":"de","potentialAction":[{"@type":"ReadAction","target":["https:\/\/deg-eiskunstlauf-ev.de\/cms\/downloads\/"]}]},{"@type":"BreadcrumbList","@id":"https:\/\/deg-eiskunstlauf-ev.de\/cms\/downloads\/#breadcrumb","itemListElement":[{"@type":"ListItem","position":1,"name":"Startseite","item":"https:\/\/deg-eiskunstlauf-ev.de\/cms\/"},{"@type":"ListItem","position":2,"name":"DOWNLOADS &#038; FORMULARE"}]},{"@type":"WebSite","@id":"https:\/\/deg-eiskunstlauf-ev.de\/cms\/#website","url":"https:\/\/deg-eiskunstlauf-ev.de\/cms\/","name":"DEG Eiskunstlauf e. V.","description":"","potentialAction":[{"@type":"SearchAction","target":{"@type":"EntryPoint","urlTemplate":"https:\/\/deg-eiskunstlauf-ev.de\/cms\/?s={search_term_string}"},"query-input":"required name=search_term_string"}],"inLanguage":"de"}]}},"_links":{"self":[{"href":"https:\/\/deg-eiskunstlauf-ev.de\/cms\/wp-json\/wp\/v2\/pages\/357"}],"collection":[{"href":"https:\/\/deg-eiskunstlauf-ev.de\/cms\/wp-json\/wp\/v2\/pages"}],"about":[{"href":"https:\/\/deg-eiskunstlauf-ev.de\/cms\/wp-json\/wp\/v2\/types\/page"}],"author":[{"embeddable":true,"href":"https:\/\/deg-eiskunstlauf-ev.de\/cms\/wp-json\/wp\/v2\/users\/1"}],"replies":[{"embeddable":true,"href":"https:\/\/deg-eiskunstlauf-ev.de\/cms\/wp-json\/wp\/v2\/comments?post=357"}],"version-history":[{"count":122,"href":"https:\/\/deg-eiskunstlauf-ev.de\/cms\/wp-json\/wp\/v2\/pages\/357\/revisions"}],"predecessor-version":[{"id":2479,"href":"https:\/\/deg-eiskunstlauf-ev.de\/cms\/wp-json\/wp\/v2\/pages\/357\/revisions\/2479"}],"wp:attachment":[{"href":"https:\/\/deg-eiskunstlauf-ev.de\/cms\/wp-json\/wp\/v2\/media?parent=357"}],"curies":[{"name":"wp","href":"https:\/\/api.w.org\/{rel}","templated":true}]}}