{"id":307,"date":"2020-07-11T16:50:11","date_gmt":"2020-07-11T14:50:11","guid":{"rendered":"https:\/\/deg-eiskunstlauf-ev.de\/cms\/?page_id=307"},"modified":"2023-08-06T14:15:59","modified_gmt":"2023-08-06T12:15:59","slug":"anmeldung","status":"publish","type":"page","link":"https:\/\/deg-eiskunstlauf-ev.de\/cms\/anmeldung\/","title":{"rendered":"ANMELDUNG"},"content":{"rendered":"<p>[et_pb_section fb_built=&#8220;1&#8243; _builder_version=&#8220;4.16&#8243; global_colors_info=&#8220;{}&#8220;][et_pb_row _builder_version=&#8220;4.16&#8243; global_colors_info=&#8220;{}&#8220;][et_pb_column type=&#8220;4_4&#8243; _builder_version=&#8220;4.16&#8243; global_colors_info=&#8220;{}&#8220;][et_pb_text _builder_version=&#8220;4.16&#8243; header_font=&#8220;Open Sans Condensed|700|||||||&#8220; header_text_color=&#8220;#004c7b&#8220; header_font_size=&#8220;36px&#8220; locked=&#8220;off&#8220; global_colors_info=&#8220;{}&#8220;]<\/p>\n<h1 style=\"text-align: center;\">ANMELDUNG<\/h1>\n<p>[\/et_pb_text][et_pb_text _builder_version=&#8220;4.21.0&#8243; _module_preset=&#8220;default&#8220; hover_enabled=&#8220;0&#8243; global_colors_info=&#8220;{}&#8220; sticky_enabled=&#8220;0&#8243;]<\/p>\n<p style=\"background-color: #eb0000; border-radius: 10px; padding: 10px;\"><strong><i class=\"fas fa-exclamation-triangle\" style=\"color: yellow;\"><\/i><span style=\"color: #ffff00;\">\u00a0Z<span style=\"caret-color: #ffff00;\">urzeit<\/span> kann leider <\/span><span style=\"color: yellow; text-decoration: underline;\">kein<\/span><span style=\"color: #ffff00;\"> Probetraining und <\/span><span style=\"color: yellow; text-decoration: underline;\">keine<\/span><span style=\"color: #ffff00;\"> Vereinsaufnahme erfolgen.<\/span><br \/><span style=\"color: #ffff00;\">Sobald sich diese Situation \u00e4ndert, werden wir umgehend dar\u00fcber auf der Homepage und unter <\/span><span style=\"color: yellow; text-decoration: underline;\">AKTUELLES<\/span><span style=\"color: #ffff00;\"> informieren.<\/span><\/strong><\/p>\n<p>[\/et_pb_text][\/et_pb_column][\/et_pb_row][et_pb_row column_structure=&#8220;1_3,1_3,1_3&#8243; use_custom_gutter=&#8220;on&#8220; make_equal=&#8220;on&#8220; _builder_version=&#8220;4.16&#8243; width=&#8220;100%&#8220; custom_margin=&#8220;||50px||false|false&#8220; custom_padding=&#8220;0px|20px|0px|20px|false|false&#8220; global_colors_info=&#8220;{}&#8220;][et_pb_column type=&#8220;1_3&#8243; _builder_version=&#8220;4.16&#8243; global_colors_info=&#8220;{}&#8220;][et_pb_blurb image=&#8220;https:\/\/deg-eiskunstlauf-ev.de\/cms\/wp-content\/uploads\/2020\/08\/skate.svg&#8220; _builder_version=&#8220;4.16&#8243; filter_opacity=&#8220;40%&#8220; global_colors_info=&#8220;{}&#8220;]<\/p>\n<p><strong>1. PROBETRAINING<\/strong><\/p>\n<p>Wenn ihr Interesse am Eiskunstlaufen habt und es gerne ausprobieren m\u00f6chtet, laden wir euch herzlich zu einem Probetraining ein.<br \/> Danach k\u00f6nnt ihr euch entscheiden, ob ihr Mitglied in der DEG werden m\u00f6chtet \ud83d\ude42<\/p>\n<p>[\/et_pb_blurb][et_pb_button button_url=&#8220;https:\/\/deg-eiskunstlauf-ev.de\/cms\/training#probetraining&#8220; button_text=&#8220;INFOS ZUM PROBETRAINING&#8220; button_alignment=&#8220;left&#8220; button_alignment_tablet=&#8220;&#8220; button_alignment_phone=&#8220;left&#8220; button_alignment_last_edited=&#8220;on|desktop&#8220; _builder_version=&#8220;4.16&#8243; positioning=&#8220;absolute&#8220; position_origin_a=&#8220;bottom_left&#8220; custom_margin=&#8220;||0px||false|false&#8220; filter_opacity=&#8220;40%&#8220; global_colors_info=&#8220;{}&#8220;][\/et_pb_button][\/et_pb_column][et_pb_column type=&#8220;1_3&#8243; _builder_version=&#8220;4.16&#8243; global_colors_info=&#8220;{}&#8220;][et_pb_blurb image=&#8220;https:\/\/deg-eiskunstlauf-ev.de\/cms\/wp-content\/uploads\/2020\/08\/skate-icon.svg&#8220; icon_placement_tablet=&#8220;&#8220; icon_placement_phone=&#8220;top&#8220; icon_placement_last_edited=&#8220;on|phone&#8220; image_icon_width_last_edited=&#8220;on|phone&#8220; _builder_version=&#8220;4.16&#8243; image_icon_custom_padding_last_edited=&#8220;on|phone&#8220; filter_opacity=&#8220;40%&#8220; border_width_all_image_last_edited=&#8220;on|phone&#8220; image_max_width_tablet=&#8220;&#8220; image_max_width_phone=&#8220;&#8220; image_max_width_last_edited=&#8220;on|phone&#8220; global_colors_info=&#8220;{}&#8220;]<\/p>\n<p><strong>2. ANMELDEUNTERLAGEN FERTIG MACHEN<\/strong><\/p>\n<p>Euch hat das Probetraining gefallen und ihr m\u00f6chtet gerne in den Verein eintreten?<br \/> So geht es weiter:<\/p>\n<p><i class=\"fas fa-pen\"><\/i> F\u00fcllt bitte das <a href=\"..\/downloads\">Anmeldeformular<\/a> aus.<br \/> <i class=\"fas fa-coins\"><\/i> \u00dcberweist den Vereinsbeitrag.<br \/> <i class=\"fas fa-portrait\"><\/i> Haltet ein bzw. zwei aktuelle Passbilder f\u00fcr euren Mitgliedsausweis bereit.<\/p>\n<p>&nbsp;<\/p>\n<p>[\/et_pb_blurb][et_pb_button button_url=&#8220;@ET-DC@eyJkeW5hbWljIjp0cnVlLCJjb250ZW50IjoicG9zdF9saW5rX3VybF9wYWdlIiwic2V0dGluZ3MiOnsicG9zdF9pZCI6IjM1NyJ9fQ==@&#8220; button_text=&#8220;ZUM ANMELDEFORMULAR&#8220; _builder_version=&#8220;4.16&#8243; _dynamic_attributes=&#8220;button_url&#8220; positioning=&#8220;absolute&#8220; position_origin_a=&#8220;bottom_left&#8220; filter_opacity=&#8220;40%&#8220; global_colors_info=&#8220;{}&#8220;][\/et_pb_button][\/et_pb_column][et_pb_column type=&#8220;1_3&#8243; _builder_version=&#8220;4.16&#8243; global_colors_info=&#8220;{}&#8220;][et_pb_blurb image=&#8220;https:\/\/deg-eiskunstlauf-ev.de\/cms\/wp-content\/uploads\/2020\/08\/send.svg&#8220; _builder_version=&#8220;4.16&#8243; filter_opacity=&#8220;40%&#8220; global_colors_info=&#8220;{}&#8220;]<\/p>\n<p><strong>3. ANMELDEUNTERLAGEN ABGEBEN<\/strong><\/p>\n<p>Bringt eure Anmeldeunterlagen in einem verschlossenen Umschlag zum n\u00e4chsten Training mit und gebt sie im B\u00fcro oder bei einem der Trainer ab.<\/p>\n<p><i class=\"fas fa-check\"><\/i> Anmeldeformular<br \/> <i class=\"fas fa-check\"><\/i> \u00dcberweisungsbeleg<br \/> <i class=\"fas fa-check\"><\/i> Passbilder<\/p>\n<p>Ab diesem Moment k\u00f6nnt ihr regelm\u00e4\u00dfig am Training teilnehmen und bekommt schnellstm\u00f6glich euren Mitgliedsausweis ausgestellt.<\/p>\n<p>&nbsp;<\/p>\n<p>[\/et_pb_blurb][et_pb_button button_url=&#8220;@ET-DC@eyJkeW5hbWljIjp0cnVlLCJjb250ZW50IjoicG9zdF9saW5rX3VybF9wYWdlIiwic2V0dGluZ3MiOnsicG9zdF9pZCI6IjEyMCJ9fQ==@&#8220; button_text=&#8220;ZU DEN TRAININGSZEITEN&#8220; _builder_version=&#8220;4.16&#8243; _dynamic_attributes=&#8220;button_url&#8220; positioning=&#8220;absolute&#8220; position_origin_a=&#8220;bottom_left&#8220; custom_margin=&#8220;30px||||false|false&#8220; filter_opacity=&#8220;40%&#8220; global_colors_info=&#8220;{}&#8220;][\/et_pb_button][\/et_pb_column][\/et_pb_row][\/et_pb_section]<\/p>\n","protected":false},"excerpt":{"rendered":"<p>ANMELDUNG\u00a0Zurzeit kann leider kein Probetraining und keine Vereinsaufnahme erfolgen.Sobald sich diese Situation \u00e4ndert, werden wir umgehend dar\u00fcber auf der Homepage und unter AKTUELLES informieren.1. PROBETRAINING Wenn ihr Interesse am Eiskunstlaufen habt und es gerne ausprobieren m\u00f6chtet, laden wir euch herzlich zu einem Probetraining ein. Danach k\u00f6nnt ihr euch entscheiden, ob ihr Mitglied in der DEG [&hellip;]<\/p>\n","protected":false},"author":1,"featured_media":0,"parent":0,"menu_order":0,"comment_status":"closed","ping_status":"closed","template":"","meta":{"_et_pb_use_builder":"on","_et_pb_old_content":"","_et_gb_content_width":"","footnotes":""},"yoast_head":"<!-- This site is optimized with the Yoast SEO plugin v22.4 - https:\/\/yoast.com\/wordpress\/plugins\/seo\/ -->\n<title>ANMELDUNG - DEG Eiskunstlauf e. V.<\/title>\n<meta name=\"robots\" content=\"index, follow, max-snippet:-1, max-image-preview:large, max-video-preview:-1\" \/>\n<link rel=\"canonical\" href=\"https:\/\/deg-eiskunstlauf-ev.de\/cms\/anmeldung\/\" \/>\n<meta property=\"og:locale\" content=\"de_DE\" \/>\n<meta property=\"og:type\" content=\"article\" \/>\n<meta property=\"og:title\" content=\"ANMELDUNG - DEG Eiskunstlauf e. V.\" \/>\n<meta property=\"og:description\" content=\"ANMELDUNG\u00a0Zurzeit kann leider kein Probetraining und keine Vereinsaufnahme erfolgen.Sobald sich diese Situation \u00e4ndert, werden wir umgehend dar\u00fcber auf der Homepage und unter AKTUELLES informieren.1. PROBETRAINING Wenn ihr Interesse am Eiskunstlaufen habt und es gerne ausprobieren m\u00f6chtet, laden wir euch herzlich zu einem Probetraining ein. Danach k\u00f6nnt ihr euch entscheiden, ob ihr Mitglied in der DEG [&hellip;]\" \/>\n<meta property=\"og:url\" content=\"https:\/\/deg-eiskunstlauf-ev.de\/cms\/anmeldung\/\" \/>\n<meta property=\"og:site_name\" content=\"DEG Eiskunstlauf e. V.\" \/>\n<meta property=\"article:modified_time\" content=\"2023-08-06T12:15:59+00:00\" \/>\n<meta name=\"twitter:card\" content=\"summary_large_image\" \/>\n<meta name=\"twitter:label1\" content=\"Gesch\u00e4tzte Lesezeit\" \/>\n\t<meta name=\"twitter:data1\" content=\"3\u00a0Minuten\" \/>\n<script type=\"application\/ld+json\" class=\"yoast-schema-graph\">{\"@context\":\"https:\/\/schema.org\",\"@graph\":[{\"@type\":\"WebPage\",\"@id\":\"https:\/\/deg-eiskunstlauf-ev.de\/cms\/anmeldung\/\",\"url\":\"https:\/\/deg-eiskunstlauf-ev.de\/cms\/anmeldung\/\",\"name\":\"ANMELDUNG - DEG Eiskunstlauf e. V.\",\"isPartOf\":{\"@id\":\"https:\/\/deg-eiskunstlauf-ev.de\/cms\/#website\"},\"datePublished\":\"2020-07-11T14:50:11+00:00\",\"dateModified\":\"2023-08-06T12:15:59+00:00\",\"breadcrumb\":{\"@id\":\"https:\/\/deg-eiskunstlauf-ev.de\/cms\/anmeldung\/#breadcrumb\"},\"inLanguage\":\"de\",\"potentialAction\":[{\"@type\":\"ReadAction\",\"target\":[\"https:\/\/deg-eiskunstlauf-ev.de\/cms\/anmeldung\/\"]}]},{\"@type\":\"BreadcrumbList\",\"@id\":\"https:\/\/deg-eiskunstlauf-ev.de\/cms\/anmeldung\/#breadcrumb\",\"itemListElement\":[{\"@type\":\"ListItem\",\"position\":1,\"name\":\"Startseite\",\"item\":\"https:\/\/deg-eiskunstlauf-ev.de\/cms\/\"},{\"@type\":\"ListItem\",\"position\":2,\"name\":\"ANMELDUNG\"}]},{\"@type\":\"WebSite\",\"@id\":\"https:\/\/deg-eiskunstlauf-ev.de\/cms\/#website\",\"url\":\"https:\/\/deg-eiskunstlauf-ev.de\/cms\/\",\"name\":\"DEG Eiskunstlauf e. V.\",\"description\":\"\",\"potentialAction\":[{\"@type\":\"SearchAction\",\"target\":{\"@type\":\"EntryPoint\",\"urlTemplate\":\"https:\/\/deg-eiskunstlauf-ev.de\/cms\/?s={search_term_string}\"},\"query-input\":\"required name=search_term_string\"}],\"inLanguage\":\"de\"}]}<\/script>\n<!-- \/ Yoast SEO plugin. -->","yoast_head_json":{"title":"ANMELDUNG - DEG Eiskunstlauf e. V.","robots":{"index":"index","follow":"follow","max-snippet":"max-snippet:-1","max-image-preview":"max-image-preview:large","max-video-preview":"max-video-preview:-1"},"canonical":"https:\/\/deg-eiskunstlauf-ev.de\/cms\/anmeldung\/","og_locale":"de_DE","og_type":"article","og_title":"ANMELDUNG - DEG Eiskunstlauf e. V.","og_description":"ANMELDUNG\u00a0Zurzeit kann leider kein Probetraining und keine Vereinsaufnahme erfolgen.Sobald sich diese Situation \u00e4ndert, werden wir umgehend dar\u00fcber auf der Homepage und unter AKTUELLES informieren.1. PROBETRAINING Wenn ihr Interesse am Eiskunstlaufen habt und es gerne ausprobieren m\u00f6chtet, laden wir euch herzlich zu einem Probetraining ein. Danach k\u00f6nnt ihr euch entscheiden, ob ihr Mitglied in der DEG [&hellip;]","og_url":"https:\/\/deg-eiskunstlauf-ev.de\/cms\/anmeldung\/","og_site_name":"DEG Eiskunstlauf e. V.","article_modified_time":"2023-08-06T12:15:59+00:00","twitter_card":"summary_large_image","twitter_misc":{"Gesch\u00e4tzte Lesezeit":"3\u00a0Minuten"},"schema":{"@context":"https:\/\/schema.org","@graph":[{"@type":"WebPage","@id":"https:\/\/deg-eiskunstlauf-ev.de\/cms\/anmeldung\/","url":"https:\/\/deg-eiskunstlauf-ev.de\/cms\/anmeldung\/","name":"ANMELDUNG - DEG Eiskunstlauf e. V.","isPartOf":{"@id":"https:\/\/deg-eiskunstlauf-ev.de\/cms\/#website"},"datePublished":"2020-07-11T14:50:11+00:00","dateModified":"2023-08-06T12:15:59+00:00","breadcrumb":{"@id":"https:\/\/deg-eiskunstlauf-ev.de\/cms\/anmeldung\/#breadcrumb"},"inLanguage":"de","potentialAction":[{"@type":"ReadAction","target":["https:\/\/deg-eiskunstlauf-ev.de\/cms\/anmeldung\/"]}]},{"@type":"BreadcrumbList","@id":"https:\/\/deg-eiskunstlauf-ev.de\/cms\/anmeldung\/#breadcrumb","itemListElement":[{"@type":"ListItem","position":1,"name":"Startseite","item":"https:\/\/deg-eiskunstlauf-ev.de\/cms\/"},{"@type":"ListItem","position":2,"name":"ANMELDUNG"}]},{"@type":"WebSite","@id":"https:\/\/deg-eiskunstlauf-ev.de\/cms\/#website","url":"https:\/\/deg-eiskunstlauf-ev.de\/cms\/","name":"DEG Eiskunstlauf e. V.","description":"","potentialAction":[{"@type":"SearchAction","target":{"@type":"EntryPoint","urlTemplate":"https:\/\/deg-eiskunstlauf-ev.de\/cms\/?s={search_term_string}"},"query-input":"required name=search_term_string"}],"inLanguage":"de"}]}},"_links":{"self":[{"href":"https:\/\/deg-eiskunstlauf-ev.de\/cms\/wp-json\/wp\/v2\/pages\/307"}],"collection":[{"href":"https:\/\/deg-eiskunstlauf-ev.de\/cms\/wp-json\/wp\/v2\/pages"}],"about":[{"href":"https:\/\/deg-eiskunstlauf-ev.de\/cms\/wp-json\/wp\/v2\/types\/page"}],"author":[{"embeddable":true,"href":"https:\/\/deg-eiskunstlauf-ev.de\/cms\/wp-json\/wp\/v2\/users\/1"}],"replies":[{"embeddable":true,"href":"https:\/\/deg-eiskunstlauf-ev.de\/cms\/wp-json\/wp\/v2\/comments?post=307"}],"version-history":[{"count":38,"href":"https:\/\/deg-eiskunstlauf-ev.de\/cms\/wp-json\/wp\/v2\/pages\/307\/revisions"}],"predecessor-version":[{"id":2456,"href":"https:\/\/deg-eiskunstlauf-ev.de\/cms\/wp-json\/wp\/v2\/pages\/307\/revisions\/2456"}],"wp:attachment":[{"href":"https:\/\/deg-eiskunstlauf-ev.de\/cms\/wp-json\/wp\/v2\/media?parent=307"}],"curies":[{"name":"wp","href":"https:\/\/api.w.org\/{rel}","templated":true}]}}