{"id":120,"date":"2020-07-01T15:11:41","date_gmt":"2020-07-01T13:11:41","guid":{"rendered":"https:\/\/deg-eiskunstlauf-ev.de\/cms\/?page_id=120"},"modified":"2024-01-07T11:02:10","modified_gmt":"2024-01-07T10:02:10","slug":"trainingszeiten","status":"publish","type":"page","link":"https:\/\/deg-eiskunstlauf-ev.de\/cms\/trainingszeiten\/","title":{"rendered":"TRAININGSZEITEN"},"content":{"rendered":"<p>[et_pb_section fb_built=&#8220;1&#8243; _builder_version=&#8220;4.16&#8243; custom_margin_tablet=&#8220;&#8220; custom_margin_phone=&#8220;|0px||0px|false|false&#8220; custom_margin_last_edited=&#8220;on|phone&#8220; global_colors_info=&#8220;{}&#8220;][et_pb_row module_id=&#8220;trainingszeiten&#8220; _builder_version=&#8220;4.16&#8243; global_colors_info=&#8220;{}&#8220;][et_pb_column type=&#8220;4_4&#8243; _builder_version=&#8220;4.16&#8243; global_colors_info=&#8220;{}&#8220;][et_pb_text _builder_version=&#8220;4.22.1&#8243; _module_preset=&#8220;default&#8220; header_font=&#8220;Open Sans Condensed|700|||||||&#8220; header_text_color=&#8220;#004c7b&#8220; header_font_size=&#8220;36px&#8220; global_colors_info=&#8220;{}&#8220;]<\/p>\n<h1 style=\"text-align: center;\">TRAININGSZEITEN 2023\/2024<\/h1>\n<p>[\/et_pb_text][et_pb_text _builder_version=&#8220;4.18.0&#8243; _module_preset=&#8220;default&#8220; global_colors_info=&#8220;{}&#8220;]<\/p>\n<p style=\"text-align: center;\"><span style=\"background-color: #fcf2ac; padding: 5px; border-radius: 5px;\">A<\/span> <span style=\"background-color: #eba4a5; padding: 5px; border-radius: 5px;\">B<\/span> <span style=\"background-color: #a8eeff; padding: 5px; border-radius: 5px;\">L1<\/span> <span style=\"background-color: #aaaed5; padding: 5px; border-radius: 5px;\">L2<\/span> <span style=\"background-color: #91dba0; padding: 5px; border-radius: 5px;\">SYS<\/span> <span style=\"background-color: #dadada; padding: 5px; border-radius: 5px;\"> Erw<\/span><\/p>\n<p>[\/et_pb_text][et_pb_button button_url=&#8220;@ET-DC@eyJkeW5hbWljIjp0cnVlLCJjb250ZW50IjoicG9zdF9saW5rX3VybF9hdHRhY2htZW50Iiwic2V0dGluZ3MiOnsicG9zdF9pZCI6IjI1MjYifX0=@&#8220; url_new_window=&#8220;on&#8220; button_text=&#8220;Trainingszeiten als Pdf&#8220; button_alignment=&#8220;center&#8220; _builder_version=&#8220;4.22.1&#8243; _dynamic_attributes=&#8220;button_url&#8220; _module_preset=&#8220;default&#8220; hover_enabled=&#8220;0&#8243; global_colors_info=&#8220;{}&#8220; sticky_enabled=&#8220;0&#8243;][\/et_pb_button][\/et_pb_column][\/et_pb_row][et_pb_row _builder_version=&#8220;4.16&#8243; background_color=&#8220;#eb0000&#8243; width=&#8220;95%&#8220; custom_margin=&#8220;||||false|false&#8220; custom_padding=&#8220;||||false|false&#8220; custom_css_main_element=&#8220;opacity: 1;&#8220; border_radii=&#8220;on|10px|10px|10px|10px&#8220; global_colors_info=&#8220;{}&#8220;][et_pb_column type=&#8220;4_4&#8243; _builder_version=&#8220;4.16&#8243; global_colors_info=&#8220;{}&#8220;][et_pb_text module_class=&#8220;dt-buttons&#8220; _builder_version=&#8220;4.16&#8243; custom_margin=&#8220;||||false|false&#8220; custom_padding=&#8220;||||false|false&#8220; custom_css_main_element=&#8220;text-align: right;||hyphens: auto;||-webkit-hyphens: auto;&#8220; global_colors_info=&#8220;{}&#8220;]<\/p>\n\n<table id=\"tablepress-2\" class=\"tablepress tablepress-id-2 tablepress-responsive\">\n<thead>\n<tr class=\"row-1\">\n\t<th class=\"column-1\"><code><i class=\"far fa-calendar-alt\"  style=\"color: #032f4e;\"><\/i><\/code><\/th><th class=\"column-2\"><code><i class=\"far fa-clock\" style=\"color: #032f4e;\"><\/i><\/code><\/th><th class=\"column-3\"><code><i class=\"fas fa-users\"  style=\"color: #032f4e;\"><\/i><\/code><\/th>\n<\/tr>\n<\/thead>\n<tbody>\n<tr class=\"row-2\">\n\t<td class=\"column-1\">MONTAG<\/td><td class=\"column-2\">15:45-16:45 Uhr<\/td><td class=\"column-3\">L1<\/td>\n<\/tr>\n<tr class=\"row-3\">\n\t<td class=\"column-1\"><\/td><td class=\"column-2\">17:00-18:00 Uhr<\/td><td class=\"column-3\">L2<\/td>\n<\/tr>\n<tr class=\"row-4\">\n\t<td class=\"column-1\"><\/td><td class=\"column-2\">18:00-19:00 Uhr<\/td><td class=\"column-3\">SYS<\/td>\n<\/tr>\n<tr class=\"row-5\">\n\t<td class=\"column-1\">DIENSTAG<\/td><td class=\"column-2\">12:15-13:15 Uhr<\/td><td class=\"column-3\">Erwachsene<\/td>\n<\/tr>\n<tr class=\"row-6\">\n\t<td class=\"column-1\"><\/td><td class=\"column-2\">17:00-18:00 Uhr<\/td><td class=\"column-3\">A<\/td>\n<\/tr>\n<tr class=\"row-7\">\n\t<td class=\"column-1\"><\/td><td class=\"column-2\">18:00-19:00 Uhr<\/td><td class=\"column-3\">B<\/td>\n<\/tr>\n<tr class=\"row-8\">\n\t<td class=\"column-1\">MITTWOCH<\/td><td class=\"column-2\">16:00-17:00 Uhr<\/td><td class=\"column-3\">A<\/td>\n<\/tr>\n<tr class=\"row-9\">\n\t<td class=\"column-1\"><\/td><td class=\"column-2\">17:00-18:00 Uhr<\/td><td class=\"column-3\">B<\/td>\n<\/tr>\n<tr class=\"row-10\">\n\t<td class=\"column-1\">DONNERSTAG<\/td><td class=\"column-2\">16:00-17:00 Uhr<\/td><td class=\"column-3\">A<\/td>\n<\/tr>\n<tr class=\"row-11\">\n\t<td class=\"column-1\"><\/td><td class=\"column-2\">17:00-18:00 Uhr<\/td><td class=\"column-3\">B<\/td>\n<\/tr>\n<tr class=\"row-12\">\n\t<td class=\"column-1\"><\/td><td class=\"column-2\">20:15-22:00 Uhr<\/td><td class=\"column-3\">Erwachsene<\/td>\n<\/tr>\n<tr class=\"row-13\">\n\t<td class=\"column-1\">FREITAG<\/td><td class=\"column-2\">14:00-15:15 Uhr<\/td><td class=\"column-3\">L1 + F<\/td>\n<\/tr>\n<tr class=\"row-14\">\n\t<td class=\"column-1\"><\/td><td class=\"column-2\">15:30-16:45 Uhr<\/td><td class=\"column-3\">L2<\/td>\n<\/tr>\n<tr class=\"row-15\">\n\t<td class=\"column-1\">SAMSTAG<\/td><td class=\"column-2\">08:30-10:00 Uhr<\/td><td class=\"column-3\">Erwachsene<\/td>\n<\/tr>\n<tr class=\"row-16\">\n\t<td class=\"column-1\"><\/td><td class=\"column-2\">10:15-11:45 Uhr<\/td><td class=\"column-3\">L1 + F<\/td>\n<\/tr>\n<tr class=\"row-17\">\n\t<td class=\"column-1\"><\/td><td class=\"column-2\">12:00-13:30 Uhr<\/td><td class=\"column-3\">L2<\/td>\n<\/tr>\n<tr class=\"row-18\">\n\t<td class=\"column-1\"><\/td><td class=\"column-2\">19:30-21:30 Uhr<\/td><td class=\"column-3\">SYS (Trockentraining 30 min vorher)<\/td>\n<\/tr>\n<tr class=\"row-19\">\n\t<td class=\"column-1\">SONNTAG<\/td><td class=\"column-2\">09:45-10:45 Uhr<\/td><td class=\"column-3\">A\/B<\/td>\n<\/tr>\n<tr class=\"row-20\">\n\t<td class=\"column-1\"><\/td><td class=\"column-2\">15:45-16:45 Uhr<\/td><td class=\"column-3\">L1-Trockentraining<\/td>\n<\/tr>\n<tr class=\"row-21\">\n\t<td class=\"column-1\"><\/td><td class=\"column-2\">17:00-18:15 Uhr<\/td><td class=\"column-3\">L1<\/td>\n<\/tr>\n<tr class=\"row-22\">\n\t<td class=\"column-1\"><\/td><td class=\"column-2\">17:15-18:15 Uhr<\/td><td class=\"column-3\">L2-Trockentraining<\/td>\n<\/tr>\n<tr class=\"row-23\">\n\t<td class=\"column-1\"><\/td><td class=\"column-2\">18:30-19:45 Uhr<\/td><td class=\"column-3\">L2<\/td>\n<\/tr>\n<\/tbody>\n<\/table>\n<!-- #tablepress-2 from cache -->\n<p>[\/et_pb_text][\/et_pb_column][\/et_pb_row][et_pb_row column_structure=&#8220;1_3,1_3,1_3&#8243; module_id=&#8220;probetraining&#8220; _builder_version=&#8220;4.16&#8243; custom_margin=&#8220;50px||||false|false&#8220; global_colors_info=&#8220;{}&#8220;][et_pb_column type=&#8220;1_3&#8243; _builder_version=&#8220;4.16&#8243; global_colors_info=&#8220;{}&#8220;][et_pb_text _builder_version=&#8220;4.21.0&#8243; _module_preset=&#8220;default&#8220; custom_padding=&#8220;||12px||false|false&#8220; global_module=&#8220;1213&#8243; global_colors_info=&#8220;{}&#8220;]<\/p>\n<p style=\"text-align: center;\"><span style=\"background-color: #eb0000; padding: 5px 10px 5px 10px; border-radius: 5px; color: #fff; font-weight: bold;\"> Aufnahme-Stopp  <\/span><\/p>\n<p>[\/et_pb_text][et_pb_text _builder_version=&#8220;4.21.0&#8243; _module_preset=&#8220;default&#8220; text_text_color=&#8220;#0c3351&#8243; text_font_size=&#8220;12px&#8220; global_colors_info=&#8220;{}&#8220;]<\/p>\n<p style=\"background-color: #eb0000; color: yellow; border-radius: 10px; padding: 10px;\"><strong><i class=\"fas fa-exclamation-circle\"><\/i> Infos zum Probetraining<br \/>Aufgrund der gro\u00dfen Nachfrage kann zurzeit leider keine Vereinsaufnahme erfolgen. Sollte sich diese Situation \u00e4ndern, werden wir dar\u00fcber umgehend auf der Homepage informieren.<\/strong><\/p>\n<p>[\/et_pb_text][et_pb_text _builder_version=&#8220;4.21.0&#8243; header_3_font=&#8220;Open Sans Condensed|700|||||||&#8220; header_3_text_color=&#8220;#004c7b&#8220; global_colors_info=&#8220;{}&#8220;]<\/p>\n<h3>PROBETRAINING<\/h3>\n<p><strong>Ihr m\u00f6chtet einfach mal reinschnuppern?<\/strong><\/p>\n<p>Wir bieten Training f\u00fcr <strong><span style=\"text-decoration: underline;\">Kinder und Jugendliche<\/span><\/strong> sowie f\u00fcr <strong><span style=\"text-decoration: underline;\">Erwachsene<\/span><\/strong>.<\/p>\n<p>Bei Interesse nehmen wir euch gerne auf die <strong>Warteliste<\/strong> mit auf und informieren euch \u00fcber die n\u00e4chsten Schnupperkurszeiten\/ Probetrainingszeiten.<\/p>\n<p>Schreibt daf\u00fcr bitte eine Mail, unter Angabe des Alters und ggf. welche Vorkenntnisse vorhanden sind, an:<\/p>\n<p><strong>kontakt@deg-eiskunstlauf-ev.de<\/strong><\/p>\n<p>[\/et_pb_text][et_pb_text _builder_version=&#8220;4.16&#8243; _module_preset=&#8220;default&#8220; text_text_color=&#8220;#0c3351&#8243; text_font_size=&#8220;12px&#8220; locked=&#8220;off&#8220; global_colors_info=&#8220;{}&#8220;]<\/p>\n<p style=\"background-color: #d9edf7; border-radius: 10px; padding: 10px;\"><strong><i class=\"fas fa-exclamation-circle\"><\/i> Infos zum Schlittschuhverleih<\/strong><br \/>\nDer Verein stellt keine Schlittschuhe f\u00fcr das Probetraining zur Verf\u00fcgung.<br \/>\nKinder und Jugendliche k\u00f6nnen sich beim Schlittschuhverleih Schuhe ausleihen, bitte auf Kunstlaufschuhe achten.<br \/>\nZu den Zeiten des Erwachsenen-Trainings hat der Verleih leider nicht ge\u00f6ffnet.<\/p>\n<p>[\/et_pb_text][et_pb_button button_text=&#8220;ZU DEN TRAININGSZEITEN&#8220; _builder_version=&#8220;4.16&#8243; global_colors_info=&#8220;{}&#8220;][\/et_pb_button][\/et_pb_column][et_pb_column type=&#8220;1_3&#8243; admin_label=&#8220;Spalte&#8220; _builder_version=&#8220;4.16&#8243; global_colors_info=&#8220;{}&#8220;][et_pb_text _builder_version=&#8220;4.16&#8243; header_3_font=&#8220;Open Sans Condensed|700|||||||&#8220; header_3_text_color=&#8220;#004c7b&#8220; global_colors_info=&#8220;{}&#8220;]<\/p>\n<h3>GRUPPENTRAINING<\/h3>\n<p><strong>Ihr m\u00f6chtet am Training teilnehmen?<\/strong><\/p>\n<p>Die DEG Eiskunstlauf e. V. bietet ausschlie\u00dflich Gruppentraining an.<\/p>\n<p>Informationen zum Vereinsbeitritt findet ihr unter <span style=\"text-decoration: underline;\">ANMELDUNG<\/span> oder <span style=\"text-decoration: underline;\">DOWNLOADS<\/span>.<\/p>\n<p> Alle Informationen zu den verschiedenen Leistungsgruppen und den jeweiligen Trainingszeiten findet ihr unter <span style=\"text-decoration: underline;\"><a href=\"..\/abteilungen\">ABTEILUNGEN<\/a>.<\/span><\/p>\n<p>[\/et_pb_text][et_pb_button button_url=&#8220;@ET-DC@eyJkeW5hbWljIjp0cnVlLCJjb250ZW50IjoicG9zdF9saW5rX3VybF9wYWdlIiwic2V0dGluZ3MiOnsicG9zdF9pZCI6IjEwNyJ9fQ==@&#8220; button_text=&#8220;ZU DEN ABTEILUNGEN&#8220; admin_label=&#8220;Button&#8220; _builder_version=&#8220;4.16&#8243; _dynamic_attributes=&#8220;button_url&#8220; global_colors_info=&#8220;{}&#8220;][\/et_pb_button][et_pb_button button_url=&#8220;@ET-DC@eyJkeW5hbWljIjp0cnVlLCJjb250ZW50IjoicG9zdF9saW5rX3VybF9wYWdlIiwic2V0dGluZ3MiOnsicG9zdF9pZCI6IjMwNyJ9fQ==@&#8220; button_text=&#8220;ZUR ANMELDUNG&#8220; _builder_version=&#8220;4.16&#8243; _dynamic_attributes=&#8220;button_url&#8220; _module_preset=&#8220;default&#8220; global_colors_info=&#8220;{}&#8220;][\/et_pb_button][\/et_pb_column][et_pb_column type=&#8220;1_3&#8243; _builder_version=&#8220;4.16&#8243; global_colors_info=&#8220;{}&#8220;][et_pb_text _builder_version=&#8220;4.16&#8243; header_3_font=&#8220;Open Sans Condensed|700|||||||&#8220; header_3_text_color=&#8220;#004c7b&#8220; global_colors_info=&#8220;{}&#8220;]<\/p>\n<h3>EINZELTRAINING<\/h3>\n<p><strong>Ihr m\u00f6chtet ein Intensivtraining oder Einzelstunden nehmen?<\/strong><\/p>\n<p>Bitte kontaktiert eure jeweiligen Trainerinnen und Trainer f\u00fcr eine genaue Terminabsprache.<\/p>\n<p>[\/et_pb_text][et_pb_button button_url=&#8220;@ET-DC@eyJkeW5hbWljIjp0cnVlLCJjb250ZW50IjoicG9zdF9saW5rX3VybF9wYWdlIiwic2V0dGluZ3MiOnsicG9zdF9pZCI6IjU0MiJ9fQ==@&#8220; button_text=&#8220;ZUM TRAINERTEAM&#8220; _builder_version=&#8220;4.16&#8243; _dynamic_attributes=&#8220;button_url&#8220; global_colors_info=&#8220;{}&#8220;][\/et_pb_button][\/et_pb_column][\/et_pb_row][\/et_pb_section]<\/p>\n","protected":false},"excerpt":{"rendered":"<p>TRAININGSZEITEN 2023\/2024A B L1 L2 SYS Erw\n<table id=\"tablepress-2-no-2\" class=\"tablepress tablepress-id-2 tablepress-responsive tablepress-responsive-stack-phone\">\n<thead>\n<tr class=\"row-1\">\n\t<th class=\"column-1\"><code><i class=\"far fa-calendar-alt\"  style=\"color: #032f4e;\"><\/i><\/code><\/th><th class=\"column-2\"><code><i class=\"far fa-clock\" style=\"color: #032f4e;\"><\/i><\/code><\/th><th class=\"column-3\"><code><i class=\"fas fa-users\"  style=\"color: #032f4e;\"><\/i><\/code><\/th>\n<\/tr>\n<\/thead>\n<tbody>\n<tr class=\"row-2\">\n\t<td class=\"column-1\">MONTAG<\/td><td class=\"column-2\">15:45-16:45 Uhr<\/td><td class=\"column-3\">L1<\/td>\n<\/tr>\n<tr class=\"row-3\">\n\t<td class=\"column-1\"><\/td><td class=\"column-2\">17:00-18:00 Uhr<\/td><td class=\"column-3\">L2<\/td>\n<\/tr>\n<tr class=\"row-4\">\n\t<td class=\"column-1\"><\/td><td class=\"column-2\">18:00-19:00 Uhr<\/td><td class=\"column-3\">SYS<\/td>\n<\/tr>\n<tr class=\"row-5\">\n\t<td class=\"column-1\">DIENSTAG<\/td><td class=\"column-2\">12:15-13:15 Uhr<\/td><td class=\"column-3\">Erwachsene<\/td>\n<\/tr>\n<tr class=\"row-6\">\n\t<td class=\"column-1\"><\/td><td class=\"column-2\">17:00-18:00 Uhr<\/td><td class=\"column-3\">A<\/td>\n<\/tr>\n<tr class=\"row-7\">\n\t<td class=\"column-1\"><\/td><td class=\"column-2\">18:00-19:00 Uhr<\/td><td class=\"column-3\">B<\/td>\n<\/tr>\n<tr class=\"row-8\">\n\t<td class=\"column-1\">MITTWOCH<\/td><td class=\"column-2\">16:00-17:00 Uhr<\/td><td class=\"column-3\">A<\/td>\n<\/tr>\n<tr class=\"row-9\">\n\t<td class=\"column-1\"><\/td><td class=\"column-2\">17:00-18:00 Uhr<\/td><td class=\"column-3\">B<\/td>\n<\/tr>\n<tr class=\"row-10\">\n\t<td class=\"column-1\">DONNERSTAG<\/td><td class=\"column-2\">16:00-17:00 Uhr<\/td><td class=\"column-3\">A<\/td>\n<\/tr>\n<tr class=\"row-11\">\n\t<td class=\"column-1\"><\/td><td class=\"column-2\">17:00-18:00 Uhr<\/td><td class=\"column-3\">B<\/td>\n<\/tr>\n<tr class=\"row-12\">\n\t<td class=\"column-1\"><\/td><td class=\"column-2\">20:15-22:00 Uhr<\/td><td class=\"column-3\">Erwachsene<\/td>\n<\/tr>\n<tr class=\"row-13\">\n\t<td class=\"column-1\">FREITAG<\/td><td class=\"column-2\">14:00-15:15 Uhr<\/td><td class=\"column-3\">L1 + F<\/td>\n<\/tr>\n<tr class=\"row-14\">\n\t<td class=\"column-1\"><\/td><td class=\"column-2\">15:30-16:45 Uhr<\/td><td class=\"column-3\">L2<\/td>\n<\/tr>\n<tr class=\"row-15\">\n\t<td class=\"column-1\">SAMSTAG<\/td><td class=\"column-2\">08:30-10:00 Uhr<\/td><td class=\"column-3\">Erwachsene<\/td>\n<\/tr>\n<tr class=\"row-16\">\n\t<td class=\"column-1\"><\/td><td class=\"column-2\">10:15-11:45 Uhr<\/td><td class=\"column-3\">L1 + F<\/td>\n<\/tr>\n<tr class=\"row-17\">\n\t<td class=\"column-1\"><\/td><td class=\"column-2\">12:00-13:30 Uhr<\/td><td class=\"column-3\">L2<\/td>\n<\/tr>\n<tr class=\"row-18\">\n\t<td class=\"column-1\"><\/td><td class=\"column-2\">19:30-21:30 Uhr<\/td><td class=\"column-3\">SYS (Trockentraining 30 min vorher)<\/td>\n<\/tr>\n<tr class=\"row-19\">\n\t<td class=\"column-1\">SONNTAG<\/td><td class=\"column-2\">09:45-10:45 Uhr<\/td><td class=\"column-3\">A\/B<\/td>\n<\/tr>\n<tr class=\"row-20\">\n\t<td class=\"column-1\"><\/td><td class=\"column-2\">15:45-16:45 Uhr<\/td><td class=\"column-3\">L1-Trockentraining<\/td>\n<\/tr>\n<tr class=\"row-21\">\n\t<td class=\"column-1\"><\/td><td class=\"column-2\">17:00-18:15 Uhr<\/td><td class=\"column-3\">L1<\/td>\n<\/tr>\n<tr class=\"row-22\">\n\t<td class=\"column-1\"><\/td><td class=\"column-2\">17:15-18:15 Uhr<\/td><td class=\"column-3\">L2-Trockentraining<\/td>\n<\/tr>\n<tr class=\"row-23\">\n\t<td class=\"column-1\"><\/td><td class=\"column-2\">18:30-19:45 Uhr<\/td><td class=\"column-3\">L2<\/td>\n<\/tr>\n<\/tbody>\n<\/table>\n Aufnahme-Stopp Infos zum ProbetrainingAufgrund der gro\u00dfen Nachfrage kann zurzeit leider keine Vereinsaufnahme erfolgen. Sollte sich diese Situation \u00e4ndern, werden wir dar\u00fcber umgehend auf der Homepage informieren.PROBETRAINING Ihr m\u00f6chtet einfach mal reinschnuppern? Wir bieten Training f\u00fcr Kinder und Jugendliche sowie f\u00fcr Erwachsene. Bei Interesse [&hellip;]<\/p>\n","protected":false},"author":1,"featured_media":0,"parent":0,"menu_order":0,"comment_status":"closed","ping_status":"closed","template":"","meta":{"_et_pb_use_builder":"on","_et_pb_old_content":"","_et_gb_content_width":"","footnotes":""},"yoast_head":"<!-- This site is optimized with the Yoast SEO plugin v22.4 - https:\/\/yoast.com\/wordpress\/plugins\/seo\/ -->\n<title>TRAININGSZEITEN - DEG Eiskunstlauf e. V.<\/title>\n<meta name=\"robots\" content=\"index, follow, max-snippet:-1, max-image-preview:large, max-video-preview:-1\" \/>\n<link rel=\"canonical\" href=\"https:\/\/deg-eiskunstlauf-ev.de\/cms\/trainingszeiten\/\" \/>\n<meta property=\"og:locale\" content=\"de_DE\" \/>\n<meta property=\"og:type\" content=\"article\" \/>\n<meta property=\"og:title\" content=\"TRAININGSZEITEN - DEG Eiskunstlauf e. V.\" \/>\n<meta property=\"og:description\" content=\"TRAININGSZEITEN 2023\/2024A B L1 L2 SYS Erw Aufnahme-Stopp Infos zum ProbetrainingAufgrund der gro\u00dfen Nachfrage kann zurzeit leider keine Vereinsaufnahme erfolgen. Sollte sich diese Situation \u00e4ndern, werden wir dar\u00fcber umgehend auf der Homepage informieren.PROBETRAINING Ihr m\u00f6chtet einfach mal reinschnuppern? Wir bieten Training f\u00fcr Kinder und Jugendliche sowie f\u00fcr Erwachsene. Bei Interesse [&hellip;]\" \/>\n<meta property=\"og:url\" content=\"https:\/\/deg-eiskunstlauf-ev.de\/cms\/trainingszeiten\/\" \/>\n<meta property=\"og:site_name\" content=\"DEG Eiskunstlauf e. V.\" \/>\n<meta property=\"article:modified_time\" content=\"2024-01-07T10:02:10+00:00\" \/>\n<meta name=\"twitter:card\" content=\"summary_large_image\" \/>\n<meta name=\"twitter:label1\" content=\"Gesch\u00e4tzte Lesezeit\" \/>\n\t<meta name=\"twitter:data1\" content=\"4\u00a0Minuten\" \/>\n<script type=\"application\/ld+json\" class=\"yoast-schema-graph\">{\"@context\":\"https:\/\/schema.org\",\"@graph\":[{\"@type\":\"WebPage\",\"@id\":\"https:\/\/deg-eiskunstlauf-ev.de\/cms\/trainingszeiten\/\",\"url\":\"https:\/\/deg-eiskunstlauf-ev.de\/cms\/trainingszeiten\/\",\"name\":\"TRAININGSZEITEN - DEG Eiskunstlauf e. V.\",\"isPartOf\":{\"@id\":\"https:\/\/deg-eiskunstlauf-ev.de\/cms\/#website\"},\"datePublished\":\"2020-07-01T13:11:41+00:00\",\"dateModified\":\"2024-01-07T10:02:10+00:00\",\"breadcrumb\":{\"@id\":\"https:\/\/deg-eiskunstlauf-ev.de\/cms\/trainingszeiten\/#breadcrumb\"},\"inLanguage\":\"de\",\"potentialAction\":[{\"@type\":\"ReadAction\",\"target\":[\"https:\/\/deg-eiskunstlauf-ev.de\/cms\/trainingszeiten\/\"]}]},{\"@type\":\"BreadcrumbList\",\"@id\":\"https:\/\/deg-eiskunstlauf-ev.de\/cms\/trainingszeiten\/#breadcrumb\",\"itemListElement\":[{\"@type\":\"ListItem\",\"position\":1,\"name\":\"Startseite\",\"item\":\"https:\/\/deg-eiskunstlauf-ev.de\/cms\/\"},{\"@type\":\"ListItem\",\"position\":2,\"name\":\"TRAININGSZEITEN\"}]},{\"@type\":\"WebSite\",\"@id\":\"https:\/\/deg-eiskunstlauf-ev.de\/cms\/#website\",\"url\":\"https:\/\/deg-eiskunstlauf-ev.de\/cms\/\",\"name\":\"DEG Eiskunstlauf e. V.\",\"description\":\"\",\"potentialAction\":[{\"@type\":\"SearchAction\",\"target\":{\"@type\":\"EntryPoint\",\"urlTemplate\":\"https:\/\/deg-eiskunstlauf-ev.de\/cms\/?s={search_term_string}\"},\"query-input\":\"required name=search_term_string\"}],\"inLanguage\":\"de\"}]}<\/script>\n<!-- \/ Yoast SEO plugin. -->","yoast_head_json":{"title":"TRAININGSZEITEN - DEG Eiskunstlauf e. V.","robots":{"index":"index","follow":"follow","max-snippet":"max-snippet:-1","max-image-preview":"max-image-preview:large","max-video-preview":"max-video-preview:-1"},"canonical":"https:\/\/deg-eiskunstlauf-ev.de\/cms\/trainingszeiten\/","og_locale":"de_DE","og_type":"article","og_title":"TRAININGSZEITEN - DEG Eiskunstlauf e. V.","og_description":"TRAININGSZEITEN 2023\/2024A B L1 L2 SYS Erw Aufnahme-Stopp Infos zum ProbetrainingAufgrund der gro\u00dfen Nachfrage kann zurzeit leider keine Vereinsaufnahme erfolgen. Sollte sich diese Situation \u00e4ndern, werden wir dar\u00fcber umgehend auf der Homepage informieren.PROBETRAINING Ihr m\u00f6chtet einfach mal reinschnuppern? Wir bieten Training f\u00fcr Kinder und Jugendliche sowie f\u00fcr Erwachsene. Bei Interesse [&hellip;]","og_url":"https:\/\/deg-eiskunstlauf-ev.de\/cms\/trainingszeiten\/","og_site_name":"DEG Eiskunstlauf e. V.","article_modified_time":"2024-01-07T10:02:10+00:00","twitter_card":"summary_large_image","twitter_misc":{"Gesch\u00e4tzte Lesezeit":"4\u00a0Minuten"},"schema":{"@context":"https:\/\/schema.org","@graph":[{"@type":"WebPage","@id":"https:\/\/deg-eiskunstlauf-ev.de\/cms\/trainingszeiten\/","url":"https:\/\/deg-eiskunstlauf-ev.de\/cms\/trainingszeiten\/","name":"TRAININGSZEITEN - DEG Eiskunstlauf e. V.","isPartOf":{"@id":"https:\/\/deg-eiskunstlauf-ev.de\/cms\/#website"},"datePublished":"2020-07-01T13:11:41+00:00","dateModified":"2024-01-07T10:02:10+00:00","breadcrumb":{"@id":"https:\/\/deg-eiskunstlauf-ev.de\/cms\/trainingszeiten\/#breadcrumb"},"inLanguage":"de","potentialAction":[{"@type":"ReadAction","target":["https:\/\/deg-eiskunstlauf-ev.de\/cms\/trainingszeiten\/"]}]},{"@type":"BreadcrumbList","@id":"https:\/\/deg-eiskunstlauf-ev.de\/cms\/trainingszeiten\/#breadcrumb","itemListElement":[{"@type":"ListItem","position":1,"name":"Startseite","item":"https:\/\/deg-eiskunstlauf-ev.de\/cms\/"},{"@type":"ListItem","position":2,"name":"TRAININGSZEITEN"}]},{"@type":"WebSite","@id":"https:\/\/deg-eiskunstlauf-ev.de\/cms\/#website","url":"https:\/\/deg-eiskunstlauf-ev.de\/cms\/","name":"DEG Eiskunstlauf e. V.","description":"","potentialAction":[{"@type":"SearchAction","target":{"@type":"EntryPoint","urlTemplate":"https:\/\/deg-eiskunstlauf-ev.de\/cms\/?s={search_term_string}"},"query-input":"required name=search_term_string"}],"inLanguage":"de"}]}},"_links":{"self":[{"href":"https:\/\/deg-eiskunstlauf-ev.de\/cms\/wp-json\/wp\/v2\/pages\/120"}],"collection":[{"href":"https:\/\/deg-eiskunstlauf-ev.de\/cms\/wp-json\/wp\/v2\/pages"}],"about":[{"href":"https:\/\/deg-eiskunstlauf-ev.de\/cms\/wp-json\/wp\/v2\/types\/page"}],"author":[{"embeddable":true,"href":"https:\/\/deg-eiskunstlauf-ev.de\/cms\/wp-json\/wp\/v2\/users\/1"}],"replies":[{"embeddable":true,"href":"https:\/\/deg-eiskunstlauf-ev.de\/cms\/wp-json\/wp\/v2\/comments?post=120"}],"version-history":[{"count":86,"href":"https:\/\/deg-eiskunstlauf-ev.de\/cms\/wp-json\/wp\/v2\/pages\/120\/revisions"}],"predecessor-version":[{"id":2684,"href":"https:\/\/deg-eiskunstlauf-ev.de\/cms\/wp-json\/wp\/v2\/pages\/120\/revisions\/2684"}],"wp:attachment":[{"href":"https:\/\/deg-eiskunstlauf-ev.de\/cms\/wp-json\/wp\/v2\/media?parent=120"}],"curies":[{"name":"wp","href":"https:\/\/api.w.org\/{rel}","templated":true}]}}