{"id":107,"date":"2020-07-01T14:23:54","date_gmt":"2020-07-01T12:23:54","guid":{"rendered":"https:\/\/deg-eiskunstlauf-ev.de\/cms\/?page_id=107"},"modified":"2020-08-04T17:54:27","modified_gmt":"2020-08-04T15:54:27","slug":"abteilungen","status":"publish","type":"page","link":"https:\/\/deg-eiskunstlauf-ev.de\/cms\/abteilungen\/","title":{"rendered":"ABTEILUNGEN"},"content":{"rendered":"<p>[et_pb_section fb_built=&#8220;1&#8243; _builder_version=&#8220;4.5.1&#8243;][et_pb_row _builder_version=&#8220;4.4.8&#8243;][et_pb_column type=&#8220;4_4&#8243; _builder_version=&#8220;4.4.8&#8243;][et_pb_text _builder_version=&#8220;4.4.8&#8243; header_font=&#8220;Open Sans Condensed|700|||||||&#8220; header_text_color=&#8220;#004c7b&#8220; header_font_size=&#8220;36px&#8220;]<\/p>\n<h1 style=\"text-align: center;\">ABTEILUNGEN<\/h1>\n<p>[\/et_pb_text][\/et_pb_column][\/et_pb_row][et_pb_row column_structure=&#8220;1_4,1_4,1_4,1_4&#8243; _builder_version=&#8220;4.4.8&#8243;][et_pb_column type=&#8220;1_4&#8243; _builder_version=&#8220;4.4.8&#8243;][et_pb_text _builder_version=&#8220;4.4.8&#8243; header_2_font=&#8220;Open Sans|700|||||||&#8220; header_2_text_color=&#8220;#eb0000&#8243; header_2_font_size=&#8220;48px&#8220;]<\/p>\n<h2 style=\"text-align: center;\"><span>A\/B<\/span><\/h2>\n<p>[\/et_pb_text][et_pb_text _builder_version=&#8220;4.4.9&#8243; text_font=&#8220;Open Sans Condensed|700|||||||&#8220; text_text_color=&#8220;#004c7b&#8220; text_font_size=&#8220;17px&#8220;]<\/p>\n<p style=\"text-align: center;\"><span>Der Breitensport (A\/B-Gruppe)<\/span><\/p>\n<p>[\/et_pb_text][et_pb_text _builder_version=&#8220;4.4.9&#8243;]Der Breitensport umfasst im Allgemeinen alle L\u00e4ufer der DEG Eiskunstlauf, die nicht an Wettk\u00e4mpfen teilnehmen.<br \/>\nDurch unsere qualifizierten Trainer lernen die Kinder der A\/B-Gruppe\u00a0mit Hilfe moderner Lerntechniken die Grundlagen des Eislaufens.\u00a0<br \/>\nSie erlernen\u00a0neben dem\u00a0sicheren Fortbewegen auf dem Eis\u00a0auch die Grundformen der Spr\u00fcnge und Pirouetten und erste Schrittfolgen.[\/et_pb_text][\/et_pb_column][et_pb_column type=&#8220;1_4&#8243; _builder_version=&#8220;4.4.8&#8243;][et_pb_text _builder_version=&#8220;4.4.8&#8243; header_2_font=&#8220;Open Sans|700|||||||&#8220; header_2_text_color=&#8220;#eb0000&#8243; header_2_font_size=&#8220;48px&#8220;]<\/p>\n<h2 style=\"text-align: center;\">L<\/h2>\n<p>[\/et_pb_text][et_pb_text _builder_version=&#8220;4.5.1&#8243; text_font=&#8220;Open Sans Condensed|700|||||||&#8220; text_text_color=&#8220;#004c7b&#8220; text_font_size=&#8220;17px&#8220; locked=&#8220;off&#8220;]<\/p>\n<p style=\"text-align: center;\"><span>Der Leistungssport (L-Gruppe)<\/span><\/p>\n<p>[\/et_pb_text][et_pb_text _builder_version=&#8220;4.5.1&#8243;]<\/p>\n<p>Die Sportlerinnen und Sportler der L-Gruppe nehmen regelm\u00e4\u00dfig an Klassenl\u00e4ufen und vor allem an Wettk\u00e4mpfen von der regionalen bis zur nationalen und internationalen Ebene teil.<\/p>\n<p>Die Gruppe wird nochmals nach Leistungs- und Zielorientierung innerhalb des Vereins unterschieden \u2013 L 1 und L 2.<\/p>\n<p>[\/et_pb_text][\/et_pb_column][et_pb_column type=&#8220;1_4&#8243; _builder_version=&#8220;4.4.8&#8243;][et_pb_text _builder_version=&#8220;4.4.8&#8243; header_2_font=&#8220;Open Sans|700|||||||&#8220; header_2_text_color=&#8220;#eb0000&#8243; header_2_font_size=&#8220;48px&#8220;]<\/p>\n<h2 style=\"text-align: center;\">SYS<\/h2>\n<p>[\/et_pb_text][et_pb_text _builder_version=&#8220;4.4.9&#8243; text_font=&#8220;Open Sans Condensed|700|||||||&#8220; text_text_color=&#8220;#004c7b&#8220; text_font_size=&#8220;17px&#8220; locked=&#8220;off&#8220;]<\/p>\n<p style=\"text-align: center;\"><span>Synchroneiskunstlaufen<\/span><\/p>\n<p>[\/et_pb_text][et_pb_text _builder_version=&#8220;4.4.9&#8243; text_text_color=&#8220;#0c3351&#8243;]Synchroneiskunstlauf ist ein Teamsport, bei dem 12 bis 20 La\u0308ufer und L\u00e4uferinnen\u00a0gemeinsam eine Ku\u0308r auf dem Eis mit Elementen wie <em>Kreis<\/em>, <em>Block<\/em> oder <em>Mu\u0308hle<\/em> vortragen.<\/p>\n<p>Die Synchroneiskunstlauf-Gruppe der DEG, die <em>RISING ROSES<\/em>, wurde in der Saison 2017\/2018 unter der Leitung von Natascha Devisch gegru\u0308ndet. Bereits in der darauffolgenden Saison hat die Gruppe erfolgreich an den ersten Wettbewerben teilgenommen.[\/et_pb_text][\/et_pb_column][et_pb_column type=&#8220;1_4&#8243; _builder_version=&#8220;4.4.8&#8243;][et_pb_text _builder_version=&#8220;4.4.8&#8243; header_2_font=&#8220;Open Sans|700|||||||&#8220; header_2_text_color=&#8220;#eb0000&#8243; header_2_font_size=&#8220;48px&#8220;]<\/p>\n<h2 style=\"text-align: center;\">ERW<\/h2>\n<p>[\/et_pb_text][et_pb_text _builder_version=&#8220;4.4.9&#8243; text_font=&#8220;Open Sans Condensed|700|||||||&#8220; text_text_color=&#8220;#004c7b&#8220; text_font_size=&#8220;17px&#8220; locked=&#8220;off&#8220;]<\/p>\n<p style=\"text-align: center;\"><span>Erwachsenenabteilung<\/span><\/p>\n<p>[\/et_pb_text][et_pb_text _builder_version=&#8220;4.4.9&#8243;]<\/p>\n<p>Die Erwachsenenabteilung umfasst von Neueinsteigern bis Eislaufveteranen alle erwachsenen Mitglieder des Vereins und\u00a0besteht aus Eist\u00e4nzern und Kunstl\u00e4ufern zwischen 18 und 80 Jahren.<\/p>\n<p>Die Erwachsenenabteilung ist aber nicht nur gut, um bei Musik zusammen sportlich zu bleiben, sondern bietet auch die M\u00f6glichkeit an Wettk\u00e4mpfen f\u00fcr Hobbysportler teilzunehmen.<\/p>\n<p>Ebenso werden f\u00fcr die j\u00fcngeren Mitglieder der DEG Tanztests angestrebt.\u00a0Eistanzen basiert auf schritttechnischen Grundlagen, die in Anpassung an die Musik gezeigt werden und basiert auf einem umfangreichen Regelwerk.<\/p>\n<p>[\/et_pb_text][\/et_pb_column][\/et_pb_row][\/et_pb_section][et_pb_section fb_built=&#8220;1&#8243; _builder_version=&#8220;4.5.2&#8243; _module_preset=&#8220;default&#8220; custom_margin=&#8220;0px||0px||false|false&#8220; custom_padding=&#8220;0px||0px||false|false&#8220; hover_enabled=&#8220;0&#8243;][et_pb_row _builder_version=&#8220;4.5.2&#8243; _module_preset=&#8220;default&#8220;][et_pb_column _builder_version=&#8220;4.5.2&#8243; _module_preset=&#8220;default&#8220; type=&#8220;4_4&#8243;][et_pb_button button_text=&#8220;ZU DEN TRAININGSZEITEN&#8220; _builder_version=&#8220;4.5.2&#8243; _module_preset=&#8220;default&#8220; button_icon_placement=&#8220;left&#8220; button_icon=&#8220;%%330%%&#8220; button_icon_color=&#8220;#ffffff&#8220; hover_enabled=&#8220;0&#8243; button_alignment=&#8220;center&#8220; button_url=&#8220;@ET-DC@eyJkeW5hbWljIjp0cnVlLCJjb250ZW50IjoicG9zdF9saW5rX3VybF9wYWdlIiwic2V0dGluZ3MiOnsicG9zdF9pZCI6IjEyMCJ9fQ==@&#8220; _dynamic_attributes=&#8220;button_url&#8220;][\/et_pb_button][\/et_pb_column][\/et_pb_row][\/et_pb_section]<\/p>\n","protected":false},"excerpt":{"rendered":"<p>ABTEILUNGENA\/BDer Breitensport (A\/B-Gruppe)Der Breitensport umfasst im Allgemeinen alle L\u00e4ufer der DEG Eiskunstlauf, die nicht an Wettk\u00e4mpfen teilnehmen. Durch unsere qualifizierten Trainer lernen die Kinder der A\/B-Gruppe\u00a0mit Hilfe moderner Lerntechniken die Grundlagen des Eislaufens.\u00a0 Sie erlernen\u00a0neben dem\u00a0sicheren Fortbewegen auf dem Eis\u00a0auch die Grundformen der Spr\u00fcnge und Pirouetten und erste Schrittfolgen.LDer Leistungssport (L-Gruppe)Die Sportlerinnen und Sportler der [&hellip;]<\/p>\n","protected":false},"author":1,"featured_media":0,"parent":0,"menu_order":0,"comment_status":"closed","ping_status":"closed","template":"","meta":{"_et_pb_use_builder":"on","_et_pb_old_content":"","_et_gb_content_width":"","footnotes":""},"yoast_head":"<!-- This site is optimized with the Yoast SEO plugin v22.4 - https:\/\/yoast.com\/wordpress\/plugins\/seo\/ -->\n<title>ABTEILUNGEN - DEG Eiskunstlauf e. V.<\/title>\n<meta name=\"robots\" content=\"index, follow, max-snippet:-1, max-image-preview:large, max-video-preview:-1\" \/>\n<link rel=\"canonical\" href=\"https:\/\/deg-eiskunstlauf-ev.de\/cms\/abteilungen\/\" \/>\n<meta property=\"og:locale\" content=\"de_DE\" \/>\n<meta property=\"og:type\" content=\"article\" \/>\n<meta property=\"og:title\" content=\"ABTEILUNGEN - DEG Eiskunstlauf e. V.\" \/>\n<meta property=\"og:description\" content=\"ABTEILUNGENA\/BDer Breitensport (A\/B-Gruppe)Der Breitensport umfasst im Allgemeinen alle L\u00e4ufer der DEG Eiskunstlauf, die nicht an Wettk\u00e4mpfen teilnehmen. Durch unsere qualifizierten Trainer lernen die Kinder der A\/B-Gruppe\u00a0mit Hilfe moderner Lerntechniken die Grundlagen des Eislaufens.\u00a0 Sie erlernen\u00a0neben dem\u00a0sicheren Fortbewegen auf dem Eis\u00a0auch die Grundformen der Spr\u00fcnge und Pirouetten und erste Schrittfolgen.LDer Leistungssport (L-Gruppe)Die Sportlerinnen und Sportler der [&hellip;]\" \/>\n<meta property=\"og:url\" content=\"https:\/\/deg-eiskunstlauf-ev.de\/cms\/abteilungen\/\" \/>\n<meta property=\"og:site_name\" content=\"DEG Eiskunstlauf e. V.\" \/>\n<meta property=\"article:modified_time\" content=\"2020-08-04T15:54:27+00:00\" \/>\n<meta name=\"twitter:card\" content=\"summary_large_image\" \/>\n<meta name=\"twitter:label1\" content=\"Gesch\u00e4tzte Lesezeit\" \/>\n\t<meta name=\"twitter:data1\" content=\"3\u00a0Minuten\" \/>\n<script type=\"application\/ld+json\" class=\"yoast-schema-graph\">{\"@context\":\"https:\/\/schema.org\",\"@graph\":[{\"@type\":\"WebPage\",\"@id\":\"https:\/\/deg-eiskunstlauf-ev.de\/cms\/abteilungen\/\",\"url\":\"https:\/\/deg-eiskunstlauf-ev.de\/cms\/abteilungen\/\",\"name\":\"ABTEILUNGEN - DEG Eiskunstlauf e. V.\",\"isPartOf\":{\"@id\":\"https:\/\/deg-eiskunstlauf-ev.de\/cms\/#website\"},\"datePublished\":\"2020-07-01T12:23:54+00:00\",\"dateModified\":\"2020-08-04T15:54:27+00:00\",\"breadcrumb\":{\"@id\":\"https:\/\/deg-eiskunstlauf-ev.de\/cms\/abteilungen\/#breadcrumb\"},\"inLanguage\":\"de\",\"potentialAction\":[{\"@type\":\"ReadAction\",\"target\":[\"https:\/\/deg-eiskunstlauf-ev.de\/cms\/abteilungen\/\"]}]},{\"@type\":\"BreadcrumbList\",\"@id\":\"https:\/\/deg-eiskunstlauf-ev.de\/cms\/abteilungen\/#breadcrumb\",\"itemListElement\":[{\"@type\":\"ListItem\",\"position\":1,\"name\":\"Startseite\",\"item\":\"https:\/\/deg-eiskunstlauf-ev.de\/cms\/\"},{\"@type\":\"ListItem\",\"position\":2,\"name\":\"ABTEILUNGEN\"}]},{\"@type\":\"WebSite\",\"@id\":\"https:\/\/deg-eiskunstlauf-ev.de\/cms\/#website\",\"url\":\"https:\/\/deg-eiskunstlauf-ev.de\/cms\/\",\"name\":\"DEG Eiskunstlauf e. V.\",\"description\":\"\",\"potentialAction\":[{\"@type\":\"SearchAction\",\"target\":{\"@type\":\"EntryPoint\",\"urlTemplate\":\"https:\/\/deg-eiskunstlauf-ev.de\/cms\/?s={search_term_string}\"},\"query-input\":\"required name=search_term_string\"}],\"inLanguage\":\"de\"}]}<\/script>\n<!-- \/ Yoast SEO plugin. -->","yoast_head_json":{"title":"ABTEILUNGEN - DEG Eiskunstlauf e. V.","robots":{"index":"index","follow":"follow","max-snippet":"max-snippet:-1","max-image-preview":"max-image-preview:large","max-video-preview":"max-video-preview:-1"},"canonical":"https:\/\/deg-eiskunstlauf-ev.de\/cms\/abteilungen\/","og_locale":"de_DE","og_type":"article","og_title":"ABTEILUNGEN - DEG Eiskunstlauf e. V.","og_description":"ABTEILUNGENA\/BDer Breitensport (A\/B-Gruppe)Der Breitensport umfasst im Allgemeinen alle L\u00e4ufer der DEG Eiskunstlauf, die nicht an Wettk\u00e4mpfen teilnehmen. Durch unsere qualifizierten Trainer lernen die Kinder der A\/B-Gruppe\u00a0mit Hilfe moderner Lerntechniken die Grundlagen des Eislaufens.\u00a0 Sie erlernen\u00a0neben dem\u00a0sicheren Fortbewegen auf dem Eis\u00a0auch die Grundformen der Spr\u00fcnge und Pirouetten und erste Schrittfolgen.LDer Leistungssport (L-Gruppe)Die Sportlerinnen und Sportler der [&hellip;]","og_url":"https:\/\/deg-eiskunstlauf-ev.de\/cms\/abteilungen\/","og_site_name":"DEG Eiskunstlauf e. V.","article_modified_time":"2020-08-04T15:54:27+00:00","twitter_card":"summary_large_image","twitter_misc":{"Gesch\u00e4tzte Lesezeit":"3\u00a0Minuten"},"schema":{"@context":"https:\/\/schema.org","@graph":[{"@type":"WebPage","@id":"https:\/\/deg-eiskunstlauf-ev.de\/cms\/abteilungen\/","url":"https:\/\/deg-eiskunstlauf-ev.de\/cms\/abteilungen\/","name":"ABTEILUNGEN - DEG Eiskunstlauf e. V.","isPartOf":{"@id":"https:\/\/deg-eiskunstlauf-ev.de\/cms\/#website"},"datePublished":"2020-07-01T12:23:54+00:00","dateModified":"2020-08-04T15:54:27+00:00","breadcrumb":{"@id":"https:\/\/deg-eiskunstlauf-ev.de\/cms\/abteilungen\/#breadcrumb"},"inLanguage":"de","potentialAction":[{"@type":"ReadAction","target":["https:\/\/deg-eiskunstlauf-ev.de\/cms\/abteilungen\/"]}]},{"@type":"BreadcrumbList","@id":"https:\/\/deg-eiskunstlauf-ev.de\/cms\/abteilungen\/#breadcrumb","itemListElement":[{"@type":"ListItem","position":1,"name":"Startseite","item":"https:\/\/deg-eiskunstlauf-ev.de\/cms\/"},{"@type":"ListItem","position":2,"name":"ABTEILUNGEN"}]},{"@type":"WebSite","@id":"https:\/\/deg-eiskunstlauf-ev.de\/cms\/#website","url":"https:\/\/deg-eiskunstlauf-ev.de\/cms\/","name":"DEG Eiskunstlauf e. V.","description":"","potentialAction":[{"@type":"SearchAction","target":{"@type":"EntryPoint","urlTemplate":"https:\/\/deg-eiskunstlauf-ev.de\/cms\/?s={search_term_string}"},"query-input":"required name=search_term_string"}],"inLanguage":"de"}]}},"_links":{"self":[{"href":"https:\/\/deg-eiskunstlauf-ev.de\/cms\/wp-json\/wp\/v2\/pages\/107"}],"collection":[{"href":"https:\/\/deg-eiskunstlauf-ev.de\/cms\/wp-json\/wp\/v2\/pages"}],"about":[{"href":"https:\/\/deg-eiskunstlauf-ev.de\/cms\/wp-json\/wp\/v2\/types\/page"}],"author":[{"embeddable":true,"href":"https:\/\/deg-eiskunstlauf-ev.de\/cms\/wp-json\/wp\/v2\/users\/1"}],"replies":[{"embeddable":true,"href":"https:\/\/deg-eiskunstlauf-ev.de\/cms\/wp-json\/wp\/v2\/comments?post=107"}],"version-history":[{"count":10,"href":"https:\/\/deg-eiskunstlauf-ev.de\/cms\/wp-json\/wp\/v2\/pages\/107\/revisions"}],"predecessor-version":[{"id":1129,"href":"https:\/\/deg-eiskunstlauf-ev.de\/cms\/wp-json\/wp\/v2\/pages\/107\/revisions\/1129"}],"wp:attachment":[{"href":"https:\/\/deg-eiskunstlauf-ev.de\/cms\/wp-json\/wp\/v2\/media?parent=107"}],"curies":[{"name":"wp","href":"https:\/\/api.w.org\/{rel}","templated":true}]}}